{"id":1496,"date":"2022-10-26T06:32:37","date_gmt":"2022-10-26T06:32:37","guid":{"rendered":"https:\/\/laffichedujour.bj\/?page_id=1496"},"modified":"2022-11-02T18:11:11","modified_gmt":"2022-11-02T18:11:11","slug":"inter","status":"publish","type":"page","link":"https:\/\/nationalnews24.bj\/index.php\/inter\/","title":{"rendered":"Inter"},"content":{"rendered":"\t\t<div data-elementor-type=\"wp-page\" data-elementor-id=\"1496\" class=\"elementor elementor-1496\">\n\t\t\t\t\t\t<section class=\"elementor-section elementor-top-section elementor-element elementor-element-27f93c8 elementor-section-boxed elementor-section-height-default elementor-section-height-default\" data-id=\"27f93c8\" data-element_type=\"section\" data-e-type=\"section\">\n\t\t\t\t\t\t<div class=\"elementor-container elementor-column-gap-default\">\n\t\t\t\t\t<div class=\"elementor-column elementor-col-100 elementor-top-column elementor-element elementor-element-7844f94\" data-id=\"7844f94\" data-element_type=\"column\" data-e-type=\"column\">\n\t\t\t<div class=\"elementor-widget-wrap elementor-element-populated\">\n\t\t\t\t\t\t<div class=\"elementor-element elementor-element-f391539 elementor-invisible elementor-widget elementor-widget-cv-grid-blog-post-layout\" data-id=\"f391539\" data-element_type=\"widget\" data-e-type=\"widget\" data-settings=\"{&quot;_animation&quot;:&quot;zoomIn&quot;}\" data-widget_type=\"cv-grid-blog-post-layout.default\">\n\t\t\t\t<div class=\"elementor-widget-container\">\n\t\t\t\t\t<div id=\"cv-grid-post-layout\" class=\"block-f391539 cv-block cv-block-grid--layout-one\">    <div class=\"cv-post-wrapper cv-post--imagemargin column--two\">\r\n                        <article post-id=\"post-4494\" class=\"cv-post post-format--standard cv-icon\" itemscope itemtype=\"http:\/\/schema.org\/articleBody\">\r\n                                        <div class=\"cv-post-thumb\">\r\n                        <a href=\"https:\/\/nationalnews24.bj\/index.php\/2025\/12\/15\/sommet-de-la-cedeao-tolerance-zero-reaffirmee-face-aux-coups-detat-militaires\/\"><img decoding=\"async\" src=\"https:\/\/nationalnews24.bj\/wp-content\/uploads\/2025\/12\/225a9989ee03aa27d806c976f4085a5e.webp\" alt=\"Sommet de la C\u00e9d\u00e9ao : Tol\u00e9rance z\u00e9ro r\u00e9affirm\u00e9e face aux coups d\u2019\u00c9tat militaires\"\/><\/a>\r\n                    <\/div>\r\n                    <h2 class=\"cv-post-title\">\r\n                        <a href=\"https:\/\/nationalnews24.bj\/index.php\/2025\/12\/15\/sommet-de-la-cedeao-tolerance-zero-reaffirmee-face-aux-coups-detat-militaires\/\" target=\"_self\">\r\n                            Sommet de la C\u00e9d\u00e9ao : Tol\u00e9rance z\u00e9ro r\u00e9affirm\u00e9e face aux coups d\u2019\u00c9tat militaires                        <\/a>\r\n                    <\/h2>\r\n                    <div class=\"cv-post-meta cv-meta-icon-show\">\r\n                        <span class=\"cv-post-date cv-post-meta-item\" itemprop=\"datePublished\"><a href=\"https:\/\/nationalnews24.bj\/index.php\/2025\/12\/15\/sommet-de-la-cedeao-tolerance-zero-reaffirmee-face-aux-coups-detat-militaires\/\">d\u00e9cembre 15, 2025<\/a><\/span><span class=\"cv-post-author-name cv-post-meta-item\" itemprop=\"author\">By:<a href=\"https:\/\/nationalnews24.bj\/index.php\/author\/irenomacus\/\">National News 24<\/a><\/span><span class=\"cv-post-cats-wrap cv-post-meta-item\"><span class=\"cv-post-cat\"><a href=\"https:\/\/nationalnews24.bj\/index.php\/category\/science\/\">Actualit\u00e9<\/a><\/span><span class=\"cv-post-cat\"><a href=\"https:\/\/nationalnews24.bj\/index.php\/category\/inter\/\">Inter<\/a><\/span><span class=\"cv-post-cat\"><a href=\"https:\/\/nationalnews24.bj\/index.php\/category\/politique\/\">Politique<\/a><\/span><span class=\"cv-post-cat\"><a href=\"https:\/\/nationalnews24.bj\/index.php\/category\/une\/\">Une<\/a><\/span><\/span><span class=\"cv-post-comments-wrap cv-post-meta-item\"><a href=\"https:\/\/nationalnews24.bj\/index.php\/2025\/12\/15\/sommet-de-la-cedeao-tolerance-zero-reaffirmee-face-aux-coups-detat-militaires\/\/#comments\">0<span class=\"cv-comment-txt\">Comments<\/span><\/a><\/span>                    <\/div>\r\n                <div class=\"cv-post-content\" itemprop=\"description\">R\u00e9unis \u00e0 Abuja, au Nigeria, \u00e0 l\u2019occasion du 68\u1d49 sommet de la Communaut\u00e9 \u00e9conomique des\u2026<\/div><div class=\"cv-read-more\"><a href=https:\/\/nationalnews24.bj\/index.php\/2025\/12\/15\/sommet-de-la-cedeao-tolerance-zero-reaffirmee-face-aux-coups-detat-militaires\/>Read more<i class=\"fas fa-arrow-right\"><\/i><\/a><\/div>                <\/article>\r\n                        <article post-id=\"post-4245\" class=\"cv-post post-format--standard cv-icon\" itemscope itemtype=\"http:\/\/schema.org\/articleBody\">\r\n                                        <div class=\"cv-post-thumb\">\r\n                        <a href=\"https:\/\/nationalnews24.bj\/index.php\/2025\/09\/24\/libreville-larrestation-de-samy-boucalt-le-general-autoproclame-qui-menacait-les-beninois\/\"><img decoding=\"async\" src=\"https:\/\/nationalnews24.bj\/wp-content\/uploads\/2025\/09\/images-1.jpg\" alt=\"Libreville : L\u2019arrestation de Samy Boucalt, le \u201cg\u00e9n\u00e9ral\u201d autoproclam\u00e9 qui mena\u00e7ait les B\u00e9ninois\"\/><\/a>\r\n                    <\/div>\r\n                    <h2 class=\"cv-post-title\">\r\n                        <a href=\"https:\/\/nationalnews24.bj\/index.php\/2025\/09\/24\/libreville-larrestation-de-samy-boucalt-le-general-autoproclame-qui-menacait-les-beninois\/\" target=\"_self\">\r\n                            Libreville : L\u2019arrestation de Samy Boucalt, le \u201cg\u00e9n\u00e9ral\u201d autoproclam\u00e9 qui mena\u00e7ait les B\u00e9ninois                        <\/a>\r\n                    <\/h2>\r\n                    <div class=\"cv-post-meta cv-meta-icon-show\">\r\n                        <span class=\"cv-post-date cv-post-meta-item\" itemprop=\"datePublished\"><a href=\"https:\/\/nationalnews24.bj\/index.php\/2025\/09\/24\/libreville-larrestation-de-samy-boucalt-le-general-autoproclame-qui-menacait-les-beninois\/\">septembre 24, 2025<\/a><\/span><span class=\"cv-post-author-name cv-post-meta-item\" itemprop=\"author\">By:<a href=\"https:\/\/nationalnews24.bj\/index.php\/author\/irenomacus\/\">National News 24<\/a><\/span><span class=\"cv-post-cats-wrap cv-post-meta-item\"><span class=\"cv-post-cat\"><a href=\"https:\/\/nationalnews24.bj\/index.php\/category\/science\/\">Actualit\u00e9<\/a><\/span><span class=\"cv-post-cat\"><a href=\"https:\/\/nationalnews24.bj\/index.php\/category\/inter\/\">Inter<\/a><\/span><span class=\"cv-post-cat\"><a href=\"https:\/\/nationalnews24.bj\/index.php\/category\/une\/\">Une<\/a><\/span><\/span><span class=\"cv-post-comments-wrap cv-post-meta-item\"><a href=\"https:\/\/nationalnews24.bj\/index.php\/2025\/09\/24\/libreville-larrestation-de-samy-boucalt-le-general-autoproclame-qui-menacait-les-beninois\/\/#comments\">0<span class=\"cv-comment-txt\">Comments<\/span><\/a><\/span>                    <\/div>\r\n                <div class=\"cv-post-content\" itemprop=\"description\">Les autorit\u00e9s gabonaises ont proc\u00e9d\u00e9, dimanche 21 septembre, \u00e0 l\u2019arrestation de Samy Boucalt, tristement connu\u2026<\/div><div class=\"cv-read-more\"><a href=https:\/\/nationalnews24.bj\/index.php\/2025\/09\/24\/libreville-larrestation-de-samy-boucalt-le-general-autoproclame-qui-menacait-les-beninois\/>Read more<i class=\"fas fa-arrow-right\"><\/i><\/a><\/div>                <\/article>\r\n                        <article post-id=\"post-4220\" class=\"cv-post post-format--standard cv-icon\" itemscope itemtype=\"http:\/\/schema.org\/articleBody\">\r\n                                        <div class=\"cv-post-thumb\">\r\n                        <a href=\"https:\/\/nationalnews24.bj\/index.php\/2025\/09\/21\/gabon-des-voyageurs-beninois-interpelles-avec-des-valises-de-fetiches-presumes-a-libreville\/\"><img decoding=\"async\" src=\"https:\/\/nationalnews24.bj\/wp-content\/uploads\/2025\/09\/fetiches_Une.jpeg\" alt=\"Gabon : Des voyageurs b\u00e9ninois interpell\u00e9s avec des valises de f\u00e9tiches pr\u00e9sum\u00e9s \u00e0 Libreville\"\/><\/a>\r\n                    <\/div>\r\n                    <h2 class=\"cv-post-title\">\r\n                        <a href=\"https:\/\/nationalnews24.bj\/index.php\/2025\/09\/21\/gabon-des-voyageurs-beninois-interpelles-avec-des-valises-de-fetiches-presumes-a-libreville\/\" target=\"_self\">\r\n                            Gabon : Des voyageurs b\u00e9ninois interpell\u00e9s avec des valises de f\u00e9tiches pr\u00e9sum\u00e9s \u00e0 Libreville                        <\/a>\r\n                    <\/h2>\r\n                    <div class=\"cv-post-meta cv-meta-icon-show\">\r\n                        <span class=\"cv-post-date cv-post-meta-item\" itemprop=\"datePublished\"><a href=\"https:\/\/nationalnews24.bj\/index.php\/2025\/09\/21\/gabon-des-voyageurs-beninois-interpelles-avec-des-valises-de-fetiches-presumes-a-libreville\/\">septembre 21, 2025<\/a><\/span><span class=\"cv-post-author-name cv-post-meta-item\" itemprop=\"author\">By:<a href=\"https:\/\/nationalnews24.bj\/index.php\/author\/irenomacus\/\">National News 24<\/a><\/span><span class=\"cv-post-cats-wrap cv-post-meta-item\"><span class=\"cv-post-cat\"><a href=\"https:\/\/nationalnews24.bj\/index.php\/category\/science\/\">Actualit\u00e9<\/a><\/span><span class=\"cv-post-cat\"><a href=\"https:\/\/nationalnews24.bj\/index.php\/category\/inter\/\">Inter<\/a><\/span><span class=\"cv-post-cat\"><a href=\"https:\/\/nationalnews24.bj\/index.php\/category\/societe\/\">Soci\u00e9t\u00e9<\/a><\/span><span class=\"cv-post-cat\"><a href=\"https:\/\/nationalnews24.bj\/index.php\/category\/une\/\">Une<\/a><\/span><\/span><span class=\"cv-post-comments-wrap cv-post-meta-item\"><a href=\"https:\/\/nationalnews24.bj\/index.php\/2025\/09\/21\/gabon-des-voyageurs-beninois-interpelles-avec-des-valises-de-fetiches-presumes-a-libreville\/\/#comments\">0<span class=\"cv-comment-txt\">Comments<\/span><\/a><\/span>                    <\/div>\r\n                <div class=\"cv-post-content\" itemprop=\"description\">Les douanes gabonaises ont proc\u00e9d\u00e9, le samedi 20 septembre 2025, \u00e0 l\u2019interpellation de trois citoyens\u2026<\/div><div class=\"cv-read-more\"><a href=https:\/\/nationalnews24.bj\/index.php\/2025\/09\/21\/gabon-des-voyageurs-beninois-interpelles-avec-des-valises-de-fetiches-presumes-a-libreville\/>Read more<i class=\"fas fa-arrow-right\"><\/i><\/a><\/div>                <\/article>\r\n                        <article post-id=\"post-3902\" class=\"cv-post post-format--standard cv-icon\" itemscope itemtype=\"http:\/\/schema.org\/articleBody\">\r\n                                        <div class=\"cv-post-thumb\">\r\n                        <a href=\"https:\/\/nationalnews24.bj\/index.php\/2025\/07\/31\/cote-divoire-un-quatrieme-mandat-pour-alassane-ouattara-lopposition-crie-a-la-derive-autoritaire\/\"><img decoding=\"async\" src=\"https:\/\/nationalnews24.bj\/wp-content\/uploads\/2025\/07\/af9f0fc_1644008835716-000-1n90if.jpg\" alt=\"C\u00f4te d\u2019Ivoire : Un quatri\u00e8me mandat pour Alassane Ouattara, l\u2019opposition crie \u00e0 la d\u00e9rive autoritaire\"\/><\/a>\r\n                    <\/div>\r\n                    <h2 class=\"cv-post-title\">\r\n                        <a href=\"https:\/\/nationalnews24.bj\/index.php\/2025\/07\/31\/cote-divoire-un-quatrieme-mandat-pour-alassane-ouattara-lopposition-crie-a-la-derive-autoritaire\/\" target=\"_self\">\r\n                            C\u00f4te d\u2019Ivoire : Un quatri\u00e8me mandat pour Alassane Ouattara, l\u2019opposition crie \u00e0 la d\u00e9rive autoritaire                        <\/a>\r\n                    <\/h2>\r\n                    <div class=\"cv-post-meta cv-meta-icon-show\">\r\n                        <span class=\"cv-post-date cv-post-meta-item\" itemprop=\"datePublished\"><a href=\"https:\/\/nationalnews24.bj\/index.php\/2025\/07\/31\/cote-divoire-un-quatrieme-mandat-pour-alassane-ouattara-lopposition-crie-a-la-derive-autoritaire\/\">juillet 31, 2025<\/a><\/span><span class=\"cv-post-author-name cv-post-meta-item\" itemprop=\"author\">By:<a href=\"https:\/\/nationalnews24.bj\/index.php\/author\/irenomacus\/\">National News 24<\/a><\/span><span class=\"cv-post-cats-wrap cv-post-meta-item\"><span class=\"cv-post-cat\"><a href=\"https:\/\/nationalnews24.bj\/index.php\/category\/science\/\">Actualit\u00e9<\/a><\/span><span class=\"cv-post-cat\"><a href=\"https:\/\/nationalnews24.bj\/index.php\/category\/inter\/\">Inter<\/a><\/span><span class=\"cv-post-cat\"><a href=\"https:\/\/nationalnews24.bj\/index.php\/category\/une\/\">Une<\/a><\/span><\/span><span class=\"cv-post-comments-wrap cv-post-meta-item\"><a href=\"https:\/\/nationalnews24.bj\/index.php\/2025\/07\/31\/cote-divoire-un-quatrieme-mandat-pour-alassane-ouattara-lopposition-crie-a-la-derive-autoritaire\/\/#comments\">0<span class=\"cv-comment-txt\">Comments<\/span><\/a><\/span>                    <\/div>\r\n                <div class=\"cv-post-content\" itemprop=\"description\">Le pr\u00e9sident ivoirien Alassane Ouattara a officialis\u00e9 sa candidature \u00e0 l\u2019\u00e9lection pr\u00e9sidentielle du 25 octobre\u2026<\/div><div class=\"cv-read-more\"><a href=https:\/\/nationalnews24.bj\/index.php\/2025\/07\/31\/cote-divoire-un-quatrieme-mandat-pour-alassane-ouattara-lopposition-crie-a-la-derive-autoritaire\/>Read more<i class=\"fas fa-arrow-right\"><\/i><\/a><\/div>                <\/article>\r\n            <\/div><\/div>\t\t\t\t<\/div>\n\t\t\t\t<\/div>\n\t\t\t\t\t<\/div>\n\t\t<\/div>\n\t\t\t\t\t<\/div>\n\t\t<\/section>\n\t\t\t\t<\/div>\n\t\t<!--CusAds0-->\n<div style=\"font-size: 0px; height: 0px; line-height: 0px; margin: 0; padding: 0; clear: both;\"><\/div>","protected":false},"excerpt":{"rendered":"<p>Il y a 11 ans, la mort de Kadhafi : Mouammar Kadhafi, \u00ab Le guide \u00bb, \u00ab Le renard du d\u00e9sert \u00bb novembre 2, 2022By:Marc KOSSOUInter0Comments Commun\u00e9ment appel\u00e9 \u00ab le colonel Kadhafi \u00bb, Mouammar Kadhafi est un militaire et homme d\u2019\u00c9tat\u2026Read more New airplane seat design will make it easier to sleep in economy f\u00e9vrier [&hellip;]<\/p>\n","protected":false},"author":1,"featured_media":0,"parent":0,"menu_order":0,"comment_status":"closed","ping_status":"closed","template":"","meta":{"footnotes":""},"class_list":["post-1496","page","type-page","status-publish","hentry"],"yoast_head":"<!-- This site is optimized with the Yoast SEO plugin v26.9 - https:\/\/yoast.com\/product\/yoast-seo-wordpress\/ -->\n<title>Inter -<\/title>\n<meta name=\"robots\" content=\"index, follow, max-snippet:-1, max-image-preview:large, max-video-preview:-1\" \/>\n<link rel=\"canonical\" href=\"https:\/\/laffichedujour.bj\/index.php\/inter\/\" \/>\n<meta property=\"og:locale\" content=\"fr_FR\" \/>\n<meta property=\"og:type\" content=\"article\" \/>\n<meta property=\"og:title\" content=\"Inter -\" \/>\n<meta property=\"og:description\" content=\"Il y a 11 ans, la mort de Kadhafi : Mouammar Kadhafi, \u00ab Le guide \u00bb, \u00ab Le renard du d\u00e9sert \u00bb novembre 2, 2022By:Marc KOSSOUInter0Comments Commun\u00e9ment appel\u00e9 \u00ab le colonel Kadhafi \u00bb, Mouammar Kadhafi est un militaire et homme d\u2019\u00c9tat\u2026Read more New airplane seat design will make it easier to sleep in economy f\u00e9vrier [&hellip;]\" \/>\n<meta property=\"og:url\" content=\"https:\/\/laffichedujour.bj\/index.php\/inter\/\" \/>\n<meta property=\"article:modified_time\" content=\"2022-11-02T18:11:11+00:00\" \/>\n<meta property=\"og:image\" content=\"https:\/\/laffichedujour.bj\/wp-content\/uploads\/2022\/11\/facebook_1666334490444_6989113418608697384.jpg\" \/>\n<meta name=\"twitter:card\" content=\"summary_large_image\" \/>\n<meta name=\"twitter:label1\" content=\"Dur\u00e9e de lecture estim\u00e9e\" \/>\n\t<meta name=\"twitter:data1\" content=\"1 minute\" \/>\n<script type=\"application\/ld+json\" class=\"yoast-schema-graph\">{\"@context\":\"https:\/\/schema.org\",\"@graph\":[{\"@type\":\"WebPage\",\"@id\":\"https:\/\/laffichedujour.bj\/index.php\/inter\/\",\"url\":\"https:\/\/laffichedujour.bj\/index.php\/inter\/\",\"name\":\"Inter -\",\"isPartOf\":{\"@id\":\"https:\/\/nationalnews24.bj\/#website\"},\"primaryImageOfPage\":{\"@id\":\"https:\/\/laffichedujour.bj\/index.php\/inter\/#primaryimage\"},\"image\":{\"@id\":\"https:\/\/laffichedujour.bj\/index.php\/inter\/#primaryimage\"},\"thumbnailUrl\":\"https:\/\/laffichedujour.bj\/wp-content\/uploads\/2022\/11\/facebook_1666334490444_6989113418608697384.jpg\",\"datePublished\":\"2022-10-26T06:32:37+00:00\",\"dateModified\":\"2022-11-02T18:11:11+00:00\",\"breadcrumb\":{\"@id\":\"https:\/\/laffichedujour.bj\/index.php\/inter\/#breadcrumb\"},\"inLanguage\":\"fr-FR\",\"potentialAction\":[{\"@type\":\"ReadAction\",\"target\":[\"https:\/\/laffichedujour.bj\/index.php\/inter\/\"]}]},{\"@type\":\"ImageObject\",\"inLanguage\":\"fr-FR\",\"@id\":\"https:\/\/laffichedujour.bj\/index.php\/inter\/#primaryimage\",\"url\":\"https:\/\/laffichedujour.bj\/wp-content\/uploads\/2022\/11\/facebook_1666334490444_6989113418608697384.jpg\",\"contentUrl\":\"https:\/\/laffichedujour.bj\/wp-content\/uploads\/2022\/11\/facebook_1666334490444_6989113418608697384.jpg\"},{\"@type\":\"BreadcrumbList\",\"@id\":\"https:\/\/laffichedujour.bj\/index.php\/inter\/#breadcrumb\",\"itemListElement\":[{\"@type\":\"ListItem\",\"position\":1,\"name\":\"Accueil\",\"item\":\"https:\/\/actuorizon.com\/\"},{\"@type\":\"ListItem\",\"position\":2,\"name\":\"Inter\"}]},{\"@type\":\"WebSite\",\"@id\":\"https:\/\/nationalnews24.bj\/#website\",\"url\":\"https:\/\/nationalnews24.bj\/\",\"name\":\"National News 24 (NN24)\",\"description\":\"\",\"publisher\":{\"@id\":\"https:\/\/nationalnews24.bj\/#organization\"},\"potentialAction\":[{\"@type\":\"SearchAction\",\"target\":{\"@type\":\"EntryPoint\",\"urlTemplate\":\"https:\/\/nationalnews24.bj\/?s={search_term_string}\"},\"query-input\":{\"@type\":\"PropertyValueSpecification\",\"valueRequired\":true,\"valueName\":\"search_term_string\"}}],\"inLanguage\":\"fr-FR\"},{\"@type\":\"Organization\",\"@id\":\"https:\/\/nationalnews24.bj\/#organization\",\"name\":\"National News 24 (NN24)\",\"url\":\"https:\/\/nationalnews24.bj\/\",\"logo\":{\"@type\":\"ImageObject\",\"inLanguage\":\"fr-FR\",\"@id\":\"https:\/\/nationalnews24.bj\/#\/schema\/logo\/image\/\",\"url\":\"https:\/\/nationalnews24.bj\/wp-content\/uploads\/2020\/12\/1748693216483.jpg\",\"contentUrl\":\"https:\/\/nationalnews24.bj\/wp-content\/uploads\/2020\/12\/1748693216483.jpg\",\"width\":948,\"height\":552,\"caption\":\"National News 24 (NN24)\"},\"image\":{\"@id\":\"https:\/\/nationalnews24.bj\/#\/schema\/logo\/image\/\"}}]}<\/script>\n<!-- \/ Yoast SEO plugin. -->","yoast_head_json":{"title":"Inter -","robots":{"index":"index","follow":"follow","max-snippet":"max-snippet:-1","max-image-preview":"max-image-preview:large","max-video-preview":"max-video-preview:-1"},"canonical":"https:\/\/laffichedujour.bj\/index.php\/inter\/","og_locale":"fr_FR","og_type":"article","og_title":"Inter -","og_description":"Il y a 11 ans, la mort de Kadhafi : Mouammar Kadhafi, \u00ab Le guide \u00bb, \u00ab Le renard du d\u00e9sert \u00bb novembre 2, 2022By:Marc KOSSOUInter0Comments Commun\u00e9ment appel\u00e9 \u00ab le colonel Kadhafi \u00bb, Mouammar Kadhafi est un militaire et homme d\u2019\u00c9tat\u2026Read more New airplane seat design will make it easier to sleep in economy f\u00e9vrier [&hellip;]","og_url":"https:\/\/laffichedujour.bj\/index.php\/inter\/","article_modified_time":"2022-11-02T18:11:11+00:00","og_image":[{"url":"https:\/\/laffichedujour.bj\/wp-content\/uploads\/2022\/11\/facebook_1666334490444_6989113418608697384.jpg","type":"","width":"","height":""}],"twitter_card":"summary_large_image","twitter_misc":{"Dur\u00e9e de lecture estim\u00e9e":"1 minute"},"schema":{"@context":"https:\/\/schema.org","@graph":[{"@type":"WebPage","@id":"https:\/\/laffichedujour.bj\/index.php\/inter\/","url":"https:\/\/laffichedujour.bj\/index.php\/inter\/","name":"Inter -","isPartOf":{"@id":"https:\/\/nationalnews24.bj\/#website"},"primaryImageOfPage":{"@id":"https:\/\/laffichedujour.bj\/index.php\/inter\/#primaryimage"},"image":{"@id":"https:\/\/laffichedujour.bj\/index.php\/inter\/#primaryimage"},"thumbnailUrl":"https:\/\/laffichedujour.bj\/wp-content\/uploads\/2022\/11\/facebook_1666334490444_6989113418608697384.jpg","datePublished":"2022-10-26T06:32:37+00:00","dateModified":"2022-11-02T18:11:11+00:00","breadcrumb":{"@id":"https:\/\/laffichedujour.bj\/index.php\/inter\/#breadcrumb"},"inLanguage":"fr-FR","potentialAction":[{"@type":"ReadAction","target":["https:\/\/laffichedujour.bj\/index.php\/inter\/"]}]},{"@type":"ImageObject","inLanguage":"fr-FR","@id":"https:\/\/laffichedujour.bj\/index.php\/inter\/#primaryimage","url":"https:\/\/laffichedujour.bj\/wp-content\/uploads\/2022\/11\/facebook_1666334490444_6989113418608697384.jpg","contentUrl":"https:\/\/laffichedujour.bj\/wp-content\/uploads\/2022\/11\/facebook_1666334490444_6989113418608697384.jpg"},{"@type":"BreadcrumbList","@id":"https:\/\/laffichedujour.bj\/index.php\/inter\/#breadcrumb","itemListElement":[{"@type":"ListItem","position":1,"name":"Accueil","item":"https:\/\/actuorizon.com\/"},{"@type":"ListItem","position":2,"name":"Inter"}]},{"@type":"WebSite","@id":"https:\/\/nationalnews24.bj\/#website","url":"https:\/\/nationalnews24.bj\/","name":"National News 24 (NN24)","description":"","publisher":{"@id":"https:\/\/nationalnews24.bj\/#organization"},"potentialAction":[{"@type":"SearchAction","target":{"@type":"EntryPoint","urlTemplate":"https:\/\/nationalnews24.bj\/?s={search_term_string}"},"query-input":{"@type":"PropertyValueSpecification","valueRequired":true,"valueName":"search_term_string"}}],"inLanguage":"fr-FR"},{"@type":"Organization","@id":"https:\/\/nationalnews24.bj\/#organization","name":"National News 24 (NN24)","url":"https:\/\/nationalnews24.bj\/","logo":{"@type":"ImageObject","inLanguage":"fr-FR","@id":"https:\/\/nationalnews24.bj\/#\/schema\/logo\/image\/","url":"https:\/\/nationalnews24.bj\/wp-content\/uploads\/2020\/12\/1748693216483.jpg","contentUrl":"https:\/\/nationalnews24.bj\/wp-content\/uploads\/2020\/12\/1748693216483.jpg","width":948,"height":552,"caption":"National News 24 (NN24)"},"image":{"@id":"https:\/\/nationalnews24.bj\/#\/schema\/logo\/image\/"}}]}},"blog_post_layout_featured_media_urls":{"thumbnail":"","full":""},"categories_names":null,"comments_number":"0","wpmagazine_modules_lite_featured_media_urls":{"thumbnail":"","cvmm-medium":"","cvmm-medium-plus":"","cvmm-portrait":"","cvmm-medium-square":"","cvmm-large":"","cvmm-small":"","full":""},"_links":{"self":[{"href":"https:\/\/nationalnews24.bj\/index.php\/wp-json\/wp\/v2\/pages\/1496","targetHints":{"allow":["GET"]}}],"collection":[{"href":"https:\/\/nationalnews24.bj\/index.php\/wp-json\/wp\/v2\/pages"}],"about":[{"href":"https:\/\/nationalnews24.bj\/index.php\/wp-json\/wp\/v2\/types\/page"}],"author":[{"embeddable":true,"href":"https:\/\/nationalnews24.bj\/index.php\/wp-json\/wp\/v2\/users\/1"}],"replies":[{"embeddable":true,"href":"https:\/\/nationalnews24.bj\/index.php\/wp-json\/wp\/v2\/comments?post=1496"}],"version-history":[{"count":4,"href":"https:\/\/nationalnews24.bj\/index.php\/wp-json\/wp\/v2\/pages\/1496\/revisions"}],"predecessor-version":[{"id":1701,"href":"https:\/\/nationalnews24.bj\/index.php\/wp-json\/wp\/v2\/pages\/1496\/revisions\/1701"}],"wp:attachment":[{"href":"https:\/\/nationalnews24.bj\/index.php\/wp-json\/wp\/v2\/media?parent=1496"}],"curies":[{"name":"wp","href":"https:\/\/api.w.org\/{rel}","templated":true}]}}