{"id":1494,"date":"2022-10-26T06:32:11","date_gmt":"2022-10-26T06:32:11","guid":{"rendered":"https:\/\/laffichedujour.bj\/?page_id=1494"},"modified":"2022-11-02T18:09:19","modified_gmt":"2022-11-02T18:09:19","slug":"opinion","status":"publish","type":"page","link":"https:\/\/nationalnews24.bj\/index.php\/opinion\/","title":{"rendered":"Opinion"},"content":{"rendered":"\t\t<div data-elementor-type=\"wp-page\" data-elementor-id=\"1494\" class=\"elementor elementor-1494\">\n\t\t\t\t\t\t<section class=\"elementor-section elementor-top-section elementor-element elementor-element-710245a elementor-section-boxed elementor-section-height-default elementor-section-height-default\" data-id=\"710245a\" data-element_type=\"section\" data-e-type=\"section\">\n\t\t\t\t\t\t<div class=\"elementor-container elementor-column-gap-default\">\n\t\t\t\t\t<div class=\"elementor-column elementor-col-100 elementor-top-column elementor-element elementor-element-99558db\" data-id=\"99558db\" data-element_type=\"column\" data-e-type=\"column\">\n\t\t\t<div class=\"elementor-widget-wrap elementor-element-populated\">\n\t\t\t\t\t\t<div class=\"elementor-element elementor-element-67c52d1 elementor-invisible elementor-widget elementor-widget-cv-grid-blog-post-layout\" data-id=\"67c52d1\" data-element_type=\"widget\" data-e-type=\"widget\" data-settings=\"{&quot;_animation&quot;:&quot;fadeInRight&quot;}\" data-widget_type=\"cv-grid-blog-post-layout.default\">\n\t\t\t\t<div class=\"elementor-widget-container\">\n\t\t\t\t\t<div id=\"cv-grid-post-layout\" class=\"block-67c52d1 cv-block cv-block-grid--layout-one\">    <div class=\"cv-post-wrapper cv-post--imagemargin column--two\">\r\n                        <article post-id=\"post-4746\" class=\"cv-post post-format--standard cv-icon\" itemscope itemtype=\"http:\/\/schema.org\/articleBody\">\r\n                                        <div class=\"cv-post-thumb\">\r\n                        <a href=\"https:\/\/nationalnews24.bj\/index.php\/2026\/03\/26\/decentralisation-au-benin-emmanuel-zossou-plaide-pour-lavenement-des-agglomerations-nouveau-levier-de-developpement-territorial\/\"><img decoding=\"async\" src=\"https:\/\/nationalnews24.bj\/wp-content\/uploads\/2026\/03\/emmanuel-zossou-avec-talon.jpg\" alt=\"D\u00e9centralisation au B\u00e9nin : Emmanuel Zossou plaide pour l\u2019av\u00e8nement des agglom\u00e9rations, nouveau levier de d\u00e9veloppement territorial\"\/><\/a>\r\n                    <\/div>\r\n                    <h2 class=\"cv-post-title\">\r\n                        <a href=\"https:\/\/nationalnews24.bj\/index.php\/2026\/03\/26\/decentralisation-au-benin-emmanuel-zossou-plaide-pour-lavenement-des-agglomerations-nouveau-levier-de-developpement-territorial\/\" target=\"_self\">\r\n                            D\u00e9centralisation au B\u00e9nin : Emmanuel Zossou plaide pour l\u2019av\u00e8nement des agglom\u00e9rations, nouveau levier de d\u00e9veloppement territorial                        <\/a>\r\n                    <\/h2>\r\n                    <div class=\"cv-post-meta cv-meta-icon-show\">\r\n                        <span class=\"cv-post-date cv-post-meta-item\" itemprop=\"datePublished\"><a href=\"https:\/\/nationalnews24.bj\/index.php\/2026\/03\/26\/decentralisation-au-benin-emmanuel-zossou-plaide-pour-lavenement-des-agglomerations-nouveau-levier-de-developpement-territorial\/\">mars 26, 2026<\/a><\/span><span class=\"cv-post-author-name cv-post-meta-item\" itemprop=\"author\">By:<a href=\"https:\/\/nationalnews24.bj\/index.php\/author\/irenomacus\/\">National News 24<\/a><\/span><span class=\"cv-post-cats-wrap cv-post-meta-item\"><span class=\"cv-post-cat\"><a href=\"https:\/\/nationalnews24.bj\/index.php\/category\/science\/\">Actualit\u00e9<\/a><\/span><span class=\"cv-post-cat\"><a href=\"https:\/\/nationalnews24.bj\/index.php\/category\/opinion\/\">Opinion<\/a><\/span><span class=\"cv-post-cat\"><a href=\"https:\/\/nationalnews24.bj\/index.php\/category\/politique\/\">Politique<\/a><\/span><span class=\"cv-post-cat\"><a href=\"https:\/\/nationalnews24.bj\/index.php\/category\/une\/\">Une<\/a><\/span><\/span><span class=\"cv-post-comments-wrap cv-post-meta-item\"><a href=\"https:\/\/nationalnews24.bj\/index.php\/2026\/03\/26\/decentralisation-au-benin-emmanuel-zossou-plaide-pour-lavenement-des-agglomerations-nouveau-levier-de-developpement-territorial\/\/#comments\">0<span class=\"cv-comment-txt\">Comments<\/span><\/a><\/span>                    <\/div>\r\n                <div class=\"cv-post-content\" itemprop=\"description\">Face \u00e0 une urbanisation galopante qui redessine en profondeur le visage du B\u00e9nin, l\u2019ancien maire\u2026<\/div><div class=\"cv-read-more\"><a href=https:\/\/nationalnews24.bj\/index.php\/2026\/03\/26\/decentralisation-au-benin-emmanuel-zossou-plaide-pour-lavenement-des-agglomerations-nouveau-levier-de-developpement-territorial\/>Read more<i class=\"fas fa-arrow-right\"><\/i><\/a><\/div>                <\/article>\r\n                        <article post-id=\"post-4579\" class=\"cv-post post-format--standard cv-icon\" itemscope itemtype=\"http:\/\/schema.org\/articleBody\">\r\n                                        <div class=\"cv-post-thumb\">\r\n                        <a href=\"https:\/\/nationalnews24.bj\/index.php\/2026\/01\/07\/gertrude-nadia-sena-dossa-et-le-2e-arrondissement-de-porto-novo-six-annees-dactions-de-proximite-qui-consacrent-un-leadership-au-profit-de-lup-r\/\"><img decoding=\"async\" src=\"https:\/\/nationalnews24.bj\/wp-content\/uploads\/2026\/01\/IMG-20260106-WA0071.jpg\" alt=\"Gertrude Nadia S\u00e8na Dossa et le 2\u00e8 arrondissement de Porto-Novo : Six ann\u00e9es d\u2019actions de proximit\u00e9 qui consacrent un leadership au profit de l\u2019UP-R\"\/><\/a>\r\n                    <\/div>\r\n                    <h2 class=\"cv-post-title\">\r\n                        <a href=\"https:\/\/nationalnews24.bj\/index.php\/2026\/01\/07\/gertrude-nadia-sena-dossa-et-le-2e-arrondissement-de-porto-novo-six-annees-dactions-de-proximite-qui-consacrent-un-leadership-au-profit-de-lup-r\/\" target=\"_self\">\r\n                            Gertrude Nadia S\u00e8na Dossa et le 2\u00e8 arrondissement de Porto-Novo : Six ann\u00e9es d\u2019actions de proximit\u00e9 qui consacrent un leadership au profit de l\u2019UP-R                        <\/a>\r\n                    <\/h2>\r\n                    <div class=\"cv-post-meta cv-meta-icon-show\">\r\n                        <span class=\"cv-post-date cv-post-meta-item\" itemprop=\"datePublished\"><a href=\"https:\/\/nationalnews24.bj\/index.php\/2026\/01\/07\/gertrude-nadia-sena-dossa-et-le-2e-arrondissement-de-porto-novo-six-annees-dactions-de-proximite-qui-consacrent-un-leadership-au-profit-de-lup-r\/\">janvier 7, 2026<\/a><\/span><span class=\"cv-post-author-name cv-post-meta-item\" itemprop=\"author\">By:<a href=\"https:\/\/nationalnews24.bj\/index.php\/author\/irenomacus\/\">National News 24<\/a><\/span><span class=\"cv-post-cats-wrap cv-post-meta-item\"><span class=\"cv-post-cat\"><a href=\"https:\/\/nationalnews24.bj\/index.php\/category\/science\/\">Actualit\u00e9<\/a><\/span><span class=\"cv-post-cat\"><a href=\"https:\/\/nationalnews24.bj\/index.php\/category\/opinion\/\">Opinion<\/a><\/span><span class=\"cv-post-cat\"><a href=\"https:\/\/nationalnews24.bj\/index.php\/category\/politique\/\">Politique<\/a><\/span><span class=\"cv-post-cat\"><a href=\"https:\/\/nationalnews24.bj\/index.php\/category\/une\/\">Une<\/a><\/span><\/span><span class=\"cv-post-comments-wrap cv-post-meta-item\"><a href=\"https:\/\/nationalnews24.bj\/index.php\/2026\/01\/07\/gertrude-nadia-sena-dossa-et-le-2e-arrondissement-de-porto-novo-six-annees-dactions-de-proximite-qui-consacrent-un-leadership-au-profit-de-lup-r\/\/#comments\">0<span class=\"cv-comment-txt\">Comments<\/span><\/a><\/span>                    <\/div>\r\n                <div class=\"cv-post-content\" itemprop=\"description\">\u00c0 l\u2019heure o\u00f9 les \u00e9lecteurs de toutes les communes du B\u00e9nin en g\u00e9n\u00e9ral et ceux\u2026<\/div><div class=\"cv-read-more\"><a href=https:\/\/nationalnews24.bj\/index.php\/2026\/01\/07\/gertrude-nadia-sena-dossa-et-le-2e-arrondissement-de-porto-novo-six-annees-dactions-de-proximite-qui-consacrent-un-leadership-au-profit-de-lup-r\/>Read more<i class=\"fas fa-arrow-right\"><\/i><\/a><\/div>                <\/article>\r\n                        <article post-id=\"post-4547\" class=\"cv-post post-format--standard cv-icon\" itemscope itemtype=\"http:\/\/schema.org\/articleBody\">\r\n                                        <div class=\"cv-post-thumb\">\r\n                        <a href=\"https:\/\/nationalnews24.bj\/index.php\/2025\/12\/29\/legislatives-et-municipales-du-11-janvier-emmanuel-zossou-sonne-la-mobilisation-generale-autour-de-lup-le-renouveau\/\"><img decoding=\"async\" src=\"https:\/\/nationalnews24.bj\/wp-content\/uploads\/2025\/12\/473334564_495059006941001_7333658560207052374_n.jpg\" alt=\"L\u00e9gislatives et municipales du 11 janvier : Emmanuel Zossou sonne la mobilisation g\u00e9n\u00e9rale autour de l\u2019UP le Renouveau\"\/><\/a>\r\n                    <\/div>\r\n                    <h2 class=\"cv-post-title\">\r\n                        <a href=\"https:\/\/nationalnews24.bj\/index.php\/2025\/12\/29\/legislatives-et-municipales-du-11-janvier-emmanuel-zossou-sonne-la-mobilisation-generale-autour-de-lup-le-renouveau\/\" target=\"_self\">\r\n                            L\u00e9gislatives et municipales du 11 janvier : Emmanuel Zossou sonne la mobilisation g\u00e9n\u00e9rale autour de l\u2019UP le Renouveau                        <\/a>\r\n                    <\/h2>\r\n                    <div class=\"cv-post-meta cv-meta-icon-show\">\r\n                        <span class=\"cv-post-date cv-post-meta-item\" itemprop=\"datePublished\"><a href=\"https:\/\/nationalnews24.bj\/index.php\/2025\/12\/29\/legislatives-et-municipales-du-11-janvier-emmanuel-zossou-sonne-la-mobilisation-generale-autour-de-lup-le-renouveau\/\">d\u00e9cembre 29, 2025<\/a><\/span><span class=\"cv-post-author-name cv-post-meta-item\" itemprop=\"author\">By:<a href=\"https:\/\/nationalnews24.bj\/index.php\/author\/irenomacus\/\">National News 24<\/a><\/span><span class=\"cv-post-cats-wrap cv-post-meta-item\"><span class=\"cv-post-cat\"><a href=\"https:\/\/nationalnews24.bj\/index.php\/category\/science\/\">Actualit\u00e9<\/a><\/span><span class=\"cv-post-cat\"><a href=\"https:\/\/nationalnews24.bj\/index.php\/category\/opinion\/\">Opinion<\/a><\/span><span class=\"cv-post-cat\"><a href=\"https:\/\/nationalnews24.bj\/index.php\/category\/politique\/\">Politique<\/a><\/span><span class=\"cv-post-cat\"><a href=\"https:\/\/nationalnews24.bj\/index.php\/category\/une\/\">Une<\/a><\/span><\/span><span class=\"cv-post-comments-wrap cv-post-meta-item\"><a href=\"https:\/\/nationalnews24.bj\/index.php\/2025\/12\/29\/legislatives-et-municipales-du-11-janvier-emmanuel-zossou-sonne-la-mobilisation-generale-autour-de-lup-le-renouveau\/\/#comments\">0<span class=\"cv-comment-txt\">Comments<\/span><\/a><\/span>                    <\/div>\r\n                <div class=\"cv-post-content\" itemprop=\"description\">\u00c0 quelques jours des \u00e9lections g\u00e9n\u00e9rales du 11 janvier prochain, Emmanuel Zossou, ancien Maire de\u2026<\/div><div class=\"cv-read-more\"><a href=https:\/\/nationalnews24.bj\/index.php\/2025\/12\/29\/legislatives-et-municipales-du-11-janvier-emmanuel-zossou-sonne-la-mobilisation-generale-autour-de-lup-le-renouveau\/>Read more<i class=\"fas fa-arrow-right\"><\/i><\/a><\/div>                <\/article>\r\n                        <article post-id=\"post-4453\" class=\"cv-post post-format--standard cv-icon\" itemscope itemtype=\"http:\/\/schema.org\/articleBody\">\r\n                                        <div class=\"cv-post-thumb\">\r\n                        <a href=\"https:\/\/nationalnews24.bj\/index.php\/2025\/11\/20\/revision-constitutionnelle-wabi-amadani-salue-loeuvre-visionnaire-de-patrice-talon-et-le-leadership-de-louis-vlavonou\/\"><img decoding=\"async\" src=\"https:\/\/nationalnews24.bj\/wp-content\/uploads\/2025\/11\/541641849_122144430752807553_6306891559382780108_n.jpg\" alt=\"R\u00e9vision constitutionnelle : Wabi Amadani salue l\u2019\u0153uvre visionnaire de Patrice Talon et le leadership de Louis Vlavonou\"\/><\/a>\r\n                    <\/div>\r\n                    <h2 class=\"cv-post-title\">\r\n                        <a href=\"https:\/\/nationalnews24.bj\/index.php\/2025\/11\/20\/revision-constitutionnelle-wabi-amadani-salue-loeuvre-visionnaire-de-patrice-talon-et-le-leadership-de-louis-vlavonou\/\" target=\"_self\">\r\n                            R\u00e9vision constitutionnelle : Wabi Amadani salue l\u2019\u0153uvre visionnaire de Patrice Talon et le leadership de Louis Vlavonou                        <\/a>\r\n                    <\/h2>\r\n                    <div class=\"cv-post-meta cv-meta-icon-show\">\r\n                        <span class=\"cv-post-date cv-post-meta-item\" itemprop=\"datePublished\"><a href=\"https:\/\/nationalnews24.bj\/index.php\/2025\/11\/20\/revision-constitutionnelle-wabi-amadani-salue-loeuvre-visionnaire-de-patrice-talon-et-le-leadership-de-louis-vlavonou\/\">novembre 20, 2025<\/a><\/span><span class=\"cv-post-author-name cv-post-meta-item\" itemprop=\"author\">By:<a href=\"https:\/\/nationalnews24.bj\/index.php\/author\/irenomacus\/\">National News 24<\/a><\/span><span class=\"cv-post-cats-wrap cv-post-meta-item\"><span class=\"cv-post-cat\"><a href=\"https:\/\/nationalnews24.bj\/index.php\/category\/science\/\">Actualit\u00e9<\/a><\/span><span class=\"cv-post-cat\"><a href=\"https:\/\/nationalnews24.bj\/index.php\/category\/opinion\/\">Opinion<\/a><\/span><span class=\"cv-post-cat\"><a href=\"https:\/\/nationalnews24.bj\/index.php\/category\/politique\/\">Politique<\/a><\/span><span class=\"cv-post-cat\"><a href=\"https:\/\/nationalnews24.bj\/index.php\/category\/une\/\">Une<\/a><\/span><\/span><span class=\"cv-post-comments-wrap cv-post-meta-item\"><a href=\"https:\/\/nationalnews24.bj\/index.php\/2025\/11\/20\/revision-constitutionnelle-wabi-amadani-salue-loeuvre-visionnaire-de-patrice-talon-et-le-leadership-de-louis-vlavonou\/\/#comments\">0<span class=\"cv-comment-txt\">Comments<\/span><\/a><\/span>                    <\/div>\r\n                <div class=\"cv-post-content\" itemprop=\"description\">Au lendemain de l\u2019adoption par l\u2019Assembl\u00e9e nationale, dans la nuit du vendredi 14 au samedi\u2026<\/div><div class=\"cv-read-more\"><a href=https:\/\/nationalnews24.bj\/index.php\/2025\/11\/20\/revision-constitutionnelle-wabi-amadani-salue-loeuvre-visionnaire-de-patrice-talon-et-le-leadership-de-louis-vlavonou\/>Read more<i class=\"fas fa-arrow-right\"><\/i><\/a><\/div>                <\/article>\r\n            <\/div><\/div>\t\t\t\t<\/div>\n\t\t\t\t<\/div>\n\t\t\t\t\t<\/div>\n\t\t<\/div>\n\t\t\t\t\t<\/div>\n\t\t<\/section>\n\t\t\t\t<\/div>\n\t\t<!--CusAds0-->\n<div style=\"font-size: 0px; height: 0px; line-height: 0px; margin: 0; padding: 0; clear: both;\"><\/div>","protected":false},"excerpt":{"rendered":"<p>Un an apr\u00e8s son assassinat \u00e0 Parakou : Qu\u2019est devenu le dossier d\u2019Eloi Dogo br\u00fbl\u00e9 vif sans raison ? novembre 2, 2022By:Marc KOSSOUOpinionSociete0Comments On s&rsquo;en souvient comme si c&rsquo;\u00e9tait hier et s&rsquo;en souviendra toujours. 21 Octobre 2021 &#8211;\u2026Read more Apr\u00e8s les d\u00e9ballages de Candide Azanna\u00ef : La r\u00e9plique de Guy Mitokp\u00e8 toujours attendue novembre 2, [&hellip;]<\/p>\n","protected":false},"author":1,"featured_media":0,"parent":0,"menu_order":0,"comment_status":"closed","ping_status":"closed","template":"","meta":{"footnotes":""},"class_list":["post-1494","page","type-page","status-publish","hentry"],"yoast_head":"<!-- This site is optimized with the Yoast SEO plugin v26.9 - https:\/\/yoast.com\/product\/yoast-seo-wordpress\/ -->\n<title>Opinion -<\/title>\n<meta name=\"robots\" content=\"index, follow, max-snippet:-1, max-image-preview:large, max-video-preview:-1\" \/>\n<link rel=\"canonical\" href=\"https:\/\/laffichedujour.bj\/index.php\/opinion\/\" \/>\n<meta property=\"og:locale\" content=\"fr_FR\" \/>\n<meta property=\"og:type\" content=\"article\" \/>\n<meta property=\"og:title\" content=\"Opinion -\" \/>\n<meta property=\"og:description\" content=\"Un an apr\u00e8s son assassinat \u00e0 Parakou : Qu\u2019est devenu le dossier d\u2019Eloi Dogo br\u00fbl\u00e9 vif sans raison ? novembre 2, 2022By:Marc KOSSOUOpinionSociete0Comments On s&rsquo;en souvient comme si c&rsquo;\u00e9tait hier et s&rsquo;en souviendra toujours. 21 Octobre 2021 &#8211;\u2026Read more Apr\u00e8s les d\u00e9ballages de Candide Azanna\u00ef : La r\u00e9plique de Guy Mitokp\u00e8 toujours attendue novembre 2, [&hellip;]\" \/>\n<meta property=\"og:url\" content=\"https:\/\/laffichedujour.bj\/index.php\/opinion\/\" \/>\n<meta property=\"article:modified_time\" content=\"2022-11-02T18:09:19+00:00\" \/>\n<meta property=\"og:image\" content=\"https:\/\/laffichedujour.bj\/wp-content\/uploads\/2022\/11\/2-1.jpg\" \/>\n<meta name=\"twitter:card\" content=\"summary_large_image\" \/>\n<meta name=\"twitter:label1\" content=\"Dur\u00e9e de lecture estim\u00e9e\" \/>\n\t<meta name=\"twitter:data1\" content=\"1 minute\" \/>\n<script type=\"application\/ld+json\" class=\"yoast-schema-graph\">{\"@context\":\"https:\/\/schema.org\",\"@graph\":[{\"@type\":\"WebPage\",\"@id\":\"https:\/\/laffichedujour.bj\/index.php\/opinion\/\",\"url\":\"https:\/\/laffichedujour.bj\/index.php\/opinion\/\",\"name\":\"Opinion -\",\"isPartOf\":{\"@id\":\"https:\/\/nationalnews24.bj\/#website\"},\"primaryImageOfPage\":{\"@id\":\"https:\/\/laffichedujour.bj\/index.php\/opinion\/#primaryimage\"},\"image\":{\"@id\":\"https:\/\/laffichedujour.bj\/index.php\/opinion\/#primaryimage\"},\"thumbnailUrl\":\"https:\/\/laffichedujour.bj\/wp-content\/uploads\/2022\/11\/2-1.jpg\",\"datePublished\":\"2022-10-26T06:32:11+00:00\",\"dateModified\":\"2022-11-02T18:09:19+00:00\",\"breadcrumb\":{\"@id\":\"https:\/\/laffichedujour.bj\/index.php\/opinion\/#breadcrumb\"},\"inLanguage\":\"fr-FR\",\"potentialAction\":[{\"@type\":\"ReadAction\",\"target\":[\"https:\/\/laffichedujour.bj\/index.php\/opinion\/\"]}]},{\"@type\":\"ImageObject\",\"inLanguage\":\"fr-FR\",\"@id\":\"https:\/\/laffichedujour.bj\/index.php\/opinion\/#primaryimage\",\"url\":\"https:\/\/laffichedujour.bj\/wp-content\/uploads\/2022\/11\/2-1.jpg\",\"contentUrl\":\"https:\/\/laffichedujour.bj\/wp-content\/uploads\/2022\/11\/2-1.jpg\"},{\"@type\":\"BreadcrumbList\",\"@id\":\"https:\/\/laffichedujour.bj\/index.php\/opinion\/#breadcrumb\",\"itemListElement\":[{\"@type\":\"ListItem\",\"position\":1,\"name\":\"Accueil\",\"item\":\"https:\/\/actuorizon.com\/\"},{\"@type\":\"ListItem\",\"position\":2,\"name\":\"Opinion\"}]},{\"@type\":\"WebSite\",\"@id\":\"https:\/\/nationalnews24.bj\/#website\",\"url\":\"https:\/\/nationalnews24.bj\/\",\"name\":\"National News 24 (NN24)\",\"description\":\"\",\"publisher\":{\"@id\":\"https:\/\/nationalnews24.bj\/#organization\"},\"potentialAction\":[{\"@type\":\"SearchAction\",\"target\":{\"@type\":\"EntryPoint\",\"urlTemplate\":\"https:\/\/nationalnews24.bj\/?s={search_term_string}\"},\"query-input\":{\"@type\":\"PropertyValueSpecification\",\"valueRequired\":true,\"valueName\":\"search_term_string\"}}],\"inLanguage\":\"fr-FR\"},{\"@type\":\"Organization\",\"@id\":\"https:\/\/nationalnews24.bj\/#organization\",\"name\":\"National News 24 (NN24)\",\"url\":\"https:\/\/nationalnews24.bj\/\",\"logo\":{\"@type\":\"ImageObject\",\"inLanguage\":\"fr-FR\",\"@id\":\"https:\/\/nationalnews24.bj\/#\/schema\/logo\/image\/\",\"url\":\"https:\/\/nationalnews24.bj\/wp-content\/uploads\/2020\/12\/1748693216483.jpg\",\"contentUrl\":\"https:\/\/nationalnews24.bj\/wp-content\/uploads\/2020\/12\/1748693216483.jpg\",\"width\":948,\"height\":552,\"caption\":\"National News 24 (NN24)\"},\"image\":{\"@id\":\"https:\/\/nationalnews24.bj\/#\/schema\/logo\/image\/\"}}]}<\/script>\n<!-- \/ Yoast SEO plugin. -->","yoast_head_json":{"title":"Opinion -","robots":{"index":"index","follow":"follow","max-snippet":"max-snippet:-1","max-image-preview":"max-image-preview:large","max-video-preview":"max-video-preview:-1"},"canonical":"https:\/\/laffichedujour.bj\/index.php\/opinion\/","og_locale":"fr_FR","og_type":"article","og_title":"Opinion -","og_description":"Un an apr\u00e8s son assassinat \u00e0 Parakou : Qu\u2019est devenu le dossier d\u2019Eloi Dogo br\u00fbl\u00e9 vif sans raison ? novembre 2, 2022By:Marc KOSSOUOpinionSociete0Comments On s&rsquo;en souvient comme si c&rsquo;\u00e9tait hier et s&rsquo;en souviendra toujours. 21 Octobre 2021 &#8211;\u2026Read more Apr\u00e8s les d\u00e9ballages de Candide Azanna\u00ef : La r\u00e9plique de Guy Mitokp\u00e8 toujours attendue novembre 2, [&hellip;]","og_url":"https:\/\/laffichedujour.bj\/index.php\/opinion\/","article_modified_time":"2022-11-02T18:09:19+00:00","og_image":[{"url":"https:\/\/laffichedujour.bj\/wp-content\/uploads\/2022\/11\/2-1.jpg","type":"","width":"","height":""}],"twitter_card":"summary_large_image","twitter_misc":{"Dur\u00e9e de lecture estim\u00e9e":"1 minute"},"schema":{"@context":"https:\/\/schema.org","@graph":[{"@type":"WebPage","@id":"https:\/\/laffichedujour.bj\/index.php\/opinion\/","url":"https:\/\/laffichedujour.bj\/index.php\/opinion\/","name":"Opinion -","isPartOf":{"@id":"https:\/\/nationalnews24.bj\/#website"},"primaryImageOfPage":{"@id":"https:\/\/laffichedujour.bj\/index.php\/opinion\/#primaryimage"},"image":{"@id":"https:\/\/laffichedujour.bj\/index.php\/opinion\/#primaryimage"},"thumbnailUrl":"https:\/\/laffichedujour.bj\/wp-content\/uploads\/2022\/11\/2-1.jpg","datePublished":"2022-10-26T06:32:11+00:00","dateModified":"2022-11-02T18:09:19+00:00","breadcrumb":{"@id":"https:\/\/laffichedujour.bj\/index.php\/opinion\/#breadcrumb"},"inLanguage":"fr-FR","potentialAction":[{"@type":"ReadAction","target":["https:\/\/laffichedujour.bj\/index.php\/opinion\/"]}]},{"@type":"ImageObject","inLanguage":"fr-FR","@id":"https:\/\/laffichedujour.bj\/index.php\/opinion\/#primaryimage","url":"https:\/\/laffichedujour.bj\/wp-content\/uploads\/2022\/11\/2-1.jpg","contentUrl":"https:\/\/laffichedujour.bj\/wp-content\/uploads\/2022\/11\/2-1.jpg"},{"@type":"BreadcrumbList","@id":"https:\/\/laffichedujour.bj\/index.php\/opinion\/#breadcrumb","itemListElement":[{"@type":"ListItem","position":1,"name":"Accueil","item":"https:\/\/actuorizon.com\/"},{"@type":"ListItem","position":2,"name":"Opinion"}]},{"@type":"WebSite","@id":"https:\/\/nationalnews24.bj\/#website","url":"https:\/\/nationalnews24.bj\/","name":"National News 24 (NN24)","description":"","publisher":{"@id":"https:\/\/nationalnews24.bj\/#organization"},"potentialAction":[{"@type":"SearchAction","target":{"@type":"EntryPoint","urlTemplate":"https:\/\/nationalnews24.bj\/?s={search_term_string}"},"query-input":{"@type":"PropertyValueSpecification","valueRequired":true,"valueName":"search_term_string"}}],"inLanguage":"fr-FR"},{"@type":"Organization","@id":"https:\/\/nationalnews24.bj\/#organization","name":"National News 24 (NN24)","url":"https:\/\/nationalnews24.bj\/","logo":{"@type":"ImageObject","inLanguage":"fr-FR","@id":"https:\/\/nationalnews24.bj\/#\/schema\/logo\/image\/","url":"https:\/\/nationalnews24.bj\/wp-content\/uploads\/2020\/12\/1748693216483.jpg","contentUrl":"https:\/\/nationalnews24.bj\/wp-content\/uploads\/2020\/12\/1748693216483.jpg","width":948,"height":552,"caption":"National News 24 (NN24)"},"image":{"@id":"https:\/\/nationalnews24.bj\/#\/schema\/logo\/image\/"}}]}},"blog_post_layout_featured_media_urls":{"thumbnail":"","full":""},"categories_names":null,"comments_number":"0","wpmagazine_modules_lite_featured_media_urls":{"thumbnail":"","cvmm-medium":"","cvmm-medium-plus":"","cvmm-portrait":"","cvmm-medium-square":"","cvmm-large":"","cvmm-small":"","full":""},"_links":{"self":[{"href":"https:\/\/nationalnews24.bj\/index.php\/wp-json\/wp\/v2\/pages\/1494","targetHints":{"allow":["GET"]}}],"collection":[{"href":"https:\/\/nationalnews24.bj\/index.php\/wp-json\/wp\/v2\/pages"}],"about":[{"href":"https:\/\/nationalnews24.bj\/index.php\/wp-json\/wp\/v2\/types\/page"}],"author":[{"embeddable":true,"href":"https:\/\/nationalnews24.bj\/index.php\/wp-json\/wp\/v2\/users\/1"}],"replies":[{"embeddable":true,"href":"https:\/\/nationalnews24.bj\/index.php\/wp-json\/wp\/v2\/comments?post=1494"}],"version-history":[{"count":4,"href":"https:\/\/nationalnews24.bj\/index.php\/wp-json\/wp\/v2\/pages\/1494\/revisions"}],"predecessor-version":[{"id":1698,"href":"https:\/\/nationalnews24.bj\/index.php\/wp-json\/wp\/v2\/pages\/1494\/revisions\/1698"}],"wp:attachment":[{"href":"https:\/\/nationalnews24.bj\/index.php\/wp-json\/wp\/v2\/media?parent=1494"}],"curies":[{"name":"wp","href":"https:\/\/api.w.org\/{rel}","templated":true}]}}