{"id":1486,"date":"2022-10-26T06:29:59","date_gmt":"2022-10-26T06:29:59","guid":{"rendered":"https:\/\/laffichedujour.bj\/?page_id=1486"},"modified":"2022-11-03T19:31:04","modified_gmt":"2022-11-03T19:31:04","slug":"culture","status":"publish","type":"page","link":"https:\/\/nationalnews24.bj\/index.php\/societe\/culture\/","title":{"rendered":"Culture"},"content":{"rendered":"\t\t<div data-elementor-type=\"wp-page\" data-elementor-id=\"1486\" class=\"elementor elementor-1486\">\n\t\t\t\t\t\t<section class=\"elementor-section elementor-top-section elementor-element elementor-element-5ca4342 elementor-section-boxed elementor-section-height-default elementor-section-height-default\" data-id=\"5ca4342\" data-element_type=\"section\" data-e-type=\"section\">\n\t\t\t\t\t\t<div class=\"elementor-container elementor-column-gap-default\">\n\t\t\t\t\t<div class=\"elementor-column elementor-col-100 elementor-top-column elementor-element elementor-element-e0291a8\" data-id=\"e0291a8\" data-element_type=\"column\" data-e-type=\"column\">\n\t\t\t<div class=\"elementor-widget-wrap elementor-element-populated\">\n\t\t\t\t\t\t<div class=\"elementor-element elementor-element-8b52e83 elementor-invisible elementor-widget elementor-widget-cv-grid-blog-post-layout\" data-id=\"8b52e83\" data-element_type=\"widget\" data-e-type=\"widget\" data-settings=\"{&quot;_animation&quot;:&quot;fadeInLeft&quot;}\" data-widget_type=\"cv-grid-blog-post-layout.default\">\n\t\t\t\t<div class=\"elementor-widget-container\">\n\t\t\t\t\t<div id=\"cv-grid-post-layout\" class=\"block-8b52e83 cv-block cv-block-grid--layout-one\">    <div class=\"cv-post-wrapper cv-post--imagemargin column--two\">\r\n                        <article post-id=\"post-4734\" class=\"cv-post post-format--standard cv-icon\" itemscope itemtype=\"http:\/\/schema.org\/articleBody\">\r\n                                        <div class=\"cv-post-thumb\">\r\n                        <a href=\"https:\/\/nationalnews24.bj\/index.php\/2026\/03\/18\/mode-au-benin-jerry-sinclair-propulse-a-la-tete-de-lacmb-pour-impulser-une-nouvelle-dynamique\/\"><img decoding=\"async\" src=\"https:\/\/nationalnews24.bj\/wp-content\/uploads\/2026\/03\/IMG-20260317-WA0028.jpg\" alt=\"Mode au B\u00e9nin : Jerry Sinclair propuls\u00e9 \u00e0 la t\u00eate de l\u2019ACMB pour impulser une nouvelle dynamique\"\/><\/a>\r\n                    <\/div>\r\n                    <h2 class=\"cv-post-title\">\r\n                        <a href=\"https:\/\/nationalnews24.bj\/index.php\/2026\/03\/18\/mode-au-benin-jerry-sinclair-propulse-a-la-tete-de-lacmb-pour-impulser-une-nouvelle-dynamique\/\" target=\"_self\">\r\n                            Mode au B\u00e9nin : Jerry Sinclair propuls\u00e9 \u00e0 la t\u00eate de l\u2019ACMB pour impulser une nouvelle dynamique                        <\/a>\r\n                    <\/h2>\r\n                    <div class=\"cv-post-meta cv-meta-icon-show\">\r\n                        <span class=\"cv-post-date cv-post-meta-item\" itemprop=\"datePublished\"><a href=\"https:\/\/nationalnews24.bj\/index.php\/2026\/03\/18\/mode-au-benin-jerry-sinclair-propulse-a-la-tete-de-lacmb-pour-impulser-une-nouvelle-dynamique\/\">mars 18, 2026<\/a><\/span><span class=\"cv-post-author-name cv-post-meta-item\" itemprop=\"author\">By:<a href=\"https:\/\/nationalnews24.bj\/index.php\/author\/irenomacus\/\">National News 24<\/a><\/span><span class=\"cv-post-cats-wrap cv-post-meta-item\"><span class=\"cv-post-cat\"><a href=\"https:\/\/nationalnews24.bj\/index.php\/category\/science\/\">Actualit\u00e9<\/a><\/span><span class=\"cv-post-cat\"><a href=\"https:\/\/nationalnews24.bj\/index.php\/category\/societe\/culture\/\">Culture<\/a><\/span><span class=\"cv-post-cat\"><a href=\"https:\/\/nationalnews24.bj\/index.php\/category\/une\/\">Une<\/a><\/span><\/span><span class=\"cv-post-comments-wrap cv-post-meta-item\"><a href=\"https:\/\/nationalnews24.bj\/index.php\/2026\/03\/18\/mode-au-benin-jerry-sinclair-propulse-a-la-tete-de-lacmb-pour-impulser-une-nouvelle-dynamique\/\/#comments\">0<span class=\"cv-comment-txt\">Comments<\/span><\/a><\/span>                    <\/div>\r\n                <div class=\"cv-post-content\" itemprop=\"description\">L\u2019Association des Cr\u00e9ateurs de Mode du B\u00e9nin (ACMB) amorce un tournant d\u00e9cisif avec l\u2019\u00e9lection de\u2026<\/div><div class=\"cv-read-more\"><a href=https:\/\/nationalnews24.bj\/index.php\/2026\/03\/18\/mode-au-benin-jerry-sinclair-propulse-a-la-tete-de-lacmb-pour-impulser-une-nouvelle-dynamique\/>Read more<i class=\"fas fa-arrow-right\"><\/i><\/a><\/div>                <\/article>\r\n                        <article post-id=\"post-4707\" class=\"cv-post post-format--standard cv-icon\" itemscope itemtype=\"http:\/\/schema.org\/articleBody\">\r\n                                        <div class=\"cv-post-thumb\">\r\n                        <a href=\"https:\/\/nationalnews24.bj\/index.php\/2026\/02\/20\/edition-et-webtoon-le-benin-ambitionne-de-devenir-un-pole-africain-de-reference\/\"><img decoding=\"async\" src=\"https:\/\/nationalnews24.bj\/wp-content\/uploads\/2026\/02\/j432243345.webp\" alt=\"\u00c9dition et Webtoon : Le B\u00e9nin ambitionne de devenir un p\u00f4le africain de r\u00e9f\u00e9rence\"\/><\/a>\r\n                    <\/div>\r\n                    <h2 class=\"cv-post-title\">\r\n                        <a href=\"https:\/\/nationalnews24.bj\/index.php\/2026\/02\/20\/edition-et-webtoon-le-benin-ambitionne-de-devenir-un-pole-africain-de-reference\/\" target=\"_self\">\r\n                            \u00c9dition et Webtoon : Le B\u00e9nin ambitionne de devenir un p\u00f4le africain de r\u00e9f\u00e9rence                        <\/a>\r\n                    <\/h2>\r\n                    <div class=\"cv-post-meta cv-meta-icon-show\">\r\n                        <span class=\"cv-post-date cv-post-meta-item\" itemprop=\"datePublished\"><a href=\"https:\/\/nationalnews24.bj\/index.php\/2026\/02\/20\/edition-et-webtoon-le-benin-ambitionne-de-devenir-un-pole-africain-de-reference\/\">f\u00e9vrier 20, 2026<\/a><\/span><span class=\"cv-post-author-name cv-post-meta-item\" itemprop=\"author\">By:<a href=\"https:\/\/nationalnews24.bj\/index.php\/author\/irenomacus\/\">National News 24<\/a><\/span><span class=\"cv-post-cats-wrap cv-post-meta-item\"><span class=\"cv-post-cat\"><a href=\"https:\/\/nationalnews24.bj\/index.php\/category\/science\/\">Actualit\u00e9<\/a><\/span><span class=\"cv-post-cat\"><a href=\"https:\/\/nationalnews24.bj\/index.php\/category\/societe\/culture\/\">Culture<\/a><\/span><span class=\"cv-post-cat\"><a href=\"https:\/\/nationalnews24.bj\/index.php\/category\/une\/\">Une<\/a><\/span><\/span><span class=\"cv-post-comments-wrap cv-post-meta-item\"><a href=\"https:\/\/nationalnews24.bj\/index.php\/2026\/02\/20\/edition-et-webtoon-le-benin-ambitionne-de-devenir-un-pole-africain-de-reference\/\/#comments\">0<span class=\"cv-comment-txt\">Comments<\/span><\/a><\/span>                    <\/div>\r\n                <div class=\"cv-post-content\" itemprop=\"description\">Le B\u00e9nin franchit une nouvelle \u00e9tape dans sa strat\u00e9gie de valorisation des industries culturelles et\u2026<\/div><div class=\"cv-read-more\"><a href=https:\/\/nationalnews24.bj\/index.php\/2026\/02\/20\/edition-et-webtoon-le-benin-ambitionne-de-devenir-un-pole-africain-de-reference\/>Read more<i class=\"fas fa-arrow-right\"><\/i><\/a><\/div>                <\/article>\r\n                        <article post-id=\"post-4645\" class=\"cv-post post-format--standard cv-icon\" itemscope itemtype=\"http:\/\/schema.org\/articleBody\">\r\n                                        <div class=\"cv-post-thumb\">\r\n                        <a href=\"https:\/\/nationalnews24.bj\/index.php\/2026\/01\/29\/france-le-senat-examine-une-loi-cadre-destinee-a-faciliter-la-restitution-des-biens-culturels-spolies\/\"><img decoding=\"async\" src=\"https:\/\/nationalnews24.bj\/wp-content\/uploads\/2026\/01\/arton1507-scaled.jpg\" alt=\"France : Le S\u00e9nat examine une loi-cadre destin\u00e9e \u00e0 faciliter la restitution des biens culturels spoli\u00e9s\"\/><\/a>\r\n                    <\/div>\r\n                    <h2 class=\"cv-post-title\">\r\n                        <a href=\"https:\/\/nationalnews24.bj\/index.php\/2026\/01\/29\/france-le-senat-examine-une-loi-cadre-destinee-a-faciliter-la-restitution-des-biens-culturels-spolies\/\" target=\"_self\">\r\n                            France : Le S\u00e9nat examine une loi-cadre destin\u00e9e \u00e0 faciliter la restitution des biens culturels spoli\u00e9s                        <\/a>\r\n                    <\/h2>\r\n                    <div class=\"cv-post-meta cv-meta-icon-show\">\r\n                        <span class=\"cv-post-date cv-post-meta-item\" itemprop=\"datePublished\"><a href=\"https:\/\/nationalnews24.bj\/index.php\/2026\/01\/29\/france-le-senat-examine-une-loi-cadre-destinee-a-faciliter-la-restitution-des-biens-culturels-spolies\/\">janvier 29, 2026<\/a><\/span><span class=\"cv-post-author-name cv-post-meta-item\" itemprop=\"author\">By:<a href=\"https:\/\/nationalnews24.bj\/index.php\/author\/irenomacus\/\">National News 24<\/a><\/span><span class=\"cv-post-cats-wrap cv-post-meta-item\"><span class=\"cv-post-cat\"><a href=\"https:\/\/nationalnews24.bj\/index.php\/category\/science\/\">Actualit\u00e9<\/a><\/span><span class=\"cv-post-cat\"><a href=\"https:\/\/nationalnews24.bj\/index.php\/category\/societe\/culture\/\">Culture<\/a><\/span><span class=\"cv-post-cat\"><a href=\"https:\/\/nationalnews24.bj\/index.php\/category\/une\/\">Une<\/a><\/span><\/span><span class=\"cv-post-comments-wrap cv-post-meta-item\"><a href=\"https:\/\/nationalnews24.bj\/index.php\/2026\/01\/29\/france-le-senat-examine-une-loi-cadre-destinee-a-faciliter-la-restitution-des-biens-culturels-spolies\/\/#comments\">0<span class=\"cv-comment-txt\">Comments<\/span><\/a><\/span>                    <\/div>\r\n                <div class=\"cv-post-content\" itemprop=\"description\">Le S\u00e9nat fran\u00e7ais examine, ce mercredi 28 janvier 2026, un projet de loi-cadre visant \u00e0\u2026<\/div><div class=\"cv-read-more\"><a href=https:\/\/nationalnews24.bj\/index.php\/2026\/01\/29\/france-le-senat-examine-une-loi-cadre-destinee-a-faciliter-la-restitution-des-biens-culturels-spolies\/>Read more<i class=\"fas fa-arrow-right\"><\/i><\/a><\/div>                <\/article>\r\n                        <article post-id=\"post-4609\" class=\"cv-post post-format--standard cv-icon\" itemscope itemtype=\"http:\/\/schema.org\/articleBody\">\r\n                                        <div class=\"cv-post-thumb\">\r\n                        <a href=\"https:\/\/nationalnews24.bj\/index.php\/2026\/01\/15\/fass-talents-show-10e-edition-a-porto-novo-emmanuel-zossou-honore-une-decennie-dheritage-culturel-saluee-par-lancien-maire\/\"><img decoding=\"async\" src=\"https:\/\/nationalnews24.bj\/wp-content\/uploads\/2026\/01\/IMG-20260113-WA0135.jpg\" alt=\"Fass Talents Show, 10\u00e8 \u00e9dition \u00e0 Porto-Novo : Emmanuel Zossou honor\u00e9, une d\u00e9cennie d\u2019h\u00e9ritage culturel salu\u00e9e par l&rsquo;ancien maire\"\/><\/a>\r\n                    <\/div>\r\n                    <h2 class=\"cv-post-title\">\r\n                        <a href=\"https:\/\/nationalnews24.bj\/index.php\/2026\/01\/15\/fass-talents-show-10e-edition-a-porto-novo-emmanuel-zossou-honore-une-decennie-dheritage-culturel-saluee-par-lancien-maire\/\" target=\"_self\">\r\n                            Fass Talents Show, 10\u00e8 \u00e9dition \u00e0 Porto-Novo : Emmanuel Zossou honor\u00e9, une d\u00e9cennie d\u2019h\u00e9ritage culturel salu\u00e9e par l&rsquo;ancien maire                        <\/a>\r\n                    <\/h2>\r\n                    <div class=\"cv-post-meta cv-meta-icon-show\">\r\n                        <span class=\"cv-post-date cv-post-meta-item\" itemprop=\"datePublished\"><a href=\"https:\/\/nationalnews24.bj\/index.php\/2026\/01\/15\/fass-talents-show-10e-edition-a-porto-novo-emmanuel-zossou-honore-une-decennie-dheritage-culturel-saluee-par-lancien-maire\/\">janvier 15, 2026<\/a><\/span><span class=\"cv-post-author-name cv-post-meta-item\" itemprop=\"author\">By:<a href=\"https:\/\/nationalnews24.bj\/index.php\/author\/irenomacus\/\">National News 24<\/a><\/span><span class=\"cv-post-cats-wrap cv-post-meta-item\"><span class=\"cv-post-cat\"><a href=\"https:\/\/nationalnews24.bj\/index.php\/category\/science\/\">Actualit\u00e9<\/a><\/span><span class=\"cv-post-cat\"><a href=\"https:\/\/nationalnews24.bj\/index.php\/category\/societe\/culture\/\">Culture<\/a><\/span><span class=\"cv-post-cat\"><a href=\"https:\/\/nationalnews24.bj\/index.php\/category\/une\/\">Une<\/a><\/span><\/span><span class=\"cv-post-comments-wrap cv-post-meta-item\"><a href=\"https:\/\/nationalnews24.bj\/index.php\/2026\/01\/15\/fass-talents-show-10e-edition-a-porto-novo-emmanuel-zossou-honore-une-decennie-dheritage-culturel-saluee-par-lancien-maire\/\/#comments\">0<span class=\"cv-comment-txt\">Comments<\/span><\/a><\/span>                    <\/div>\r\n                <div class=\"cv-post-content\" itemprop=\"description\">Porto-Novo a vibr\u00e9, le week-end dernier, au rythme de la grande finale de la 10\u00e8\u2026<\/div><div class=\"cv-read-more\"><a href=https:\/\/nationalnews24.bj\/index.php\/2026\/01\/15\/fass-talents-show-10e-edition-a-porto-novo-emmanuel-zossou-honore-une-decennie-dheritage-culturel-saluee-par-lancien-maire\/>Read more<i class=\"fas fa-arrow-right\"><\/i><\/a><\/div>                <\/article>\r\n            <\/div><\/div>\t\t\t\t<\/div>\n\t\t\t\t<\/div>\n\t\t\t\t\t<\/div>\n\t\t<\/div>\n\t\t\t\t\t<\/div>\n\t\t<\/section>\n\t\t\t\t<\/div>\n\t\t<!--CusAds0-->\n<div style=\"font-size: 0px; height: 0px; line-height: 0px; margin: 0; padding: 0; clear: both;\"><\/div>","protected":false},"excerpt":{"rendered":"<p>New airplane seat design will make it easier to sleep in economy f\u00e9vrier 12, 2020By:adminCultureInterNewsOpinionPolitiqueSanteScienceSocieteSportSportsTechTravelUne0Comments Lorem ipsum dolor sit amet, consectetur adipiscing elit. Atqui eorum nihil est eius generis, ut\u2026Read more Inside the 24 hours that John boxing f\u00e9vrier 11, 2020By:adminCultureInterOpinionPolitiqueSanteScienceSocieteSportSportsTechUne0Comments Lorem ipsum dolor sit amet, consectetur adipiscing elit. Atqui eorum nihil est eius generis, [&hellip;]<\/p>\n","protected":false},"author":1,"featured_media":0,"parent":1484,"menu_order":0,"comment_status":"closed","ping_status":"closed","template":"","meta":{"footnotes":""},"class_list":["post-1486","page","type-page","status-publish","hentry"],"yoast_head":"<!-- This site is optimized with the Yoast SEO plugin v26.9 - https:\/\/yoast.com\/product\/yoast-seo-wordpress\/ -->\n<title>Culture -<\/title>\n<meta name=\"robots\" content=\"index, follow, max-snippet:-1, max-image-preview:large, max-video-preview:-1\" \/>\n<link rel=\"canonical\" href=\"https:\/\/laffichedujour.bj\/index.php\/societe\/culture\/\" \/>\n<meta property=\"og:locale\" content=\"fr_FR\" \/>\n<meta property=\"og:type\" content=\"article\" \/>\n<meta property=\"og:title\" content=\"Culture -\" \/>\n<meta property=\"og:description\" content=\"New airplane seat design will make it easier to sleep in economy f\u00e9vrier 12, 2020By:adminCultureInterNewsOpinionPolitiqueSanteScienceSocieteSportSportsTechTravelUne0Comments Lorem ipsum dolor sit amet, consectetur adipiscing elit. Atqui eorum nihil est eius generis, ut\u2026Read more Inside the 24 hours that John boxing f\u00e9vrier 11, 2020By:adminCultureInterOpinionPolitiqueSanteScienceSocieteSportSportsTechUne0Comments Lorem ipsum dolor sit amet, consectetur adipiscing elit. Atqui eorum nihil est eius generis, [&hellip;]\" \/>\n<meta property=\"og:url\" content=\"https:\/\/laffichedujour.bj\/index.php\/societe\/culture\/\" \/>\n<meta property=\"article:modified_time\" content=\"2022-11-03T19:31:04+00:00\" \/>\n<meta property=\"og:image\" content=\"https:\/\/laffichedujour.bj\/wp-content\/uploads\/2020\/02\/2.jpg\" \/>\n<meta name=\"twitter:card\" content=\"summary_large_image\" \/>\n<meta name=\"twitter:label1\" content=\"Dur\u00e9e de lecture estim\u00e9e\" \/>\n\t<meta name=\"twitter:data1\" content=\"1 minute\" \/>\n<script type=\"application\/ld+json\" class=\"yoast-schema-graph\">{\"@context\":\"https:\/\/schema.org\",\"@graph\":[{\"@type\":\"WebPage\",\"@id\":\"https:\/\/laffichedujour.bj\/index.php\/societe\/culture\/\",\"url\":\"https:\/\/laffichedujour.bj\/index.php\/societe\/culture\/\",\"name\":\"Culture -\",\"isPartOf\":{\"@id\":\"https:\/\/nationalnews24.bj\/#website\"},\"primaryImageOfPage\":{\"@id\":\"https:\/\/laffichedujour.bj\/index.php\/societe\/culture\/#primaryimage\"},\"image\":{\"@id\":\"https:\/\/laffichedujour.bj\/index.php\/societe\/culture\/#primaryimage\"},\"thumbnailUrl\":\"https:\/\/laffichedujour.bj\/wp-content\/uploads\/2020\/02\/2.jpg\",\"datePublished\":\"2022-10-26T06:29:59+00:00\",\"dateModified\":\"2022-11-03T19:31:04+00:00\",\"breadcrumb\":{\"@id\":\"https:\/\/laffichedujour.bj\/index.php\/societe\/culture\/#breadcrumb\"},\"inLanguage\":\"fr-FR\",\"potentialAction\":[{\"@type\":\"ReadAction\",\"target\":[\"https:\/\/laffichedujour.bj\/index.php\/societe\/culture\/\"]}]},{\"@type\":\"ImageObject\",\"inLanguage\":\"fr-FR\",\"@id\":\"https:\/\/laffichedujour.bj\/index.php\/societe\/culture\/#primaryimage\",\"url\":\"https:\/\/laffichedujour.bj\/wp-content\/uploads\/2020\/02\/2.jpg\",\"contentUrl\":\"https:\/\/laffichedujour.bj\/wp-content\/uploads\/2020\/02\/2.jpg\"},{\"@type\":\"BreadcrumbList\",\"@id\":\"https:\/\/laffichedujour.bj\/index.php\/societe\/culture\/#breadcrumb\",\"itemListElement\":[{\"@type\":\"ListItem\",\"position\":1,\"name\":\"Accueil\",\"item\":\"https:\/\/actuorizon.com\/\"},{\"@type\":\"ListItem\",\"position\":2,\"name\":\"Soci\u00e9t\u00e9\",\"item\":\"https:\/\/laffichedujour.bj\/index.php\/societe\/\"},{\"@type\":\"ListItem\",\"position\":3,\"name\":\"Culture\"}]},{\"@type\":\"WebSite\",\"@id\":\"https:\/\/nationalnews24.bj\/#website\",\"url\":\"https:\/\/nationalnews24.bj\/\",\"name\":\"National News 24 (NN24)\",\"description\":\"\",\"publisher\":{\"@id\":\"https:\/\/nationalnews24.bj\/#organization\"},\"potentialAction\":[{\"@type\":\"SearchAction\",\"target\":{\"@type\":\"EntryPoint\",\"urlTemplate\":\"https:\/\/nationalnews24.bj\/?s={search_term_string}\"},\"query-input\":{\"@type\":\"PropertyValueSpecification\",\"valueRequired\":true,\"valueName\":\"search_term_string\"}}],\"inLanguage\":\"fr-FR\"},{\"@type\":\"Organization\",\"@id\":\"https:\/\/nationalnews24.bj\/#organization\",\"name\":\"National News 24 (NN24)\",\"url\":\"https:\/\/nationalnews24.bj\/\",\"logo\":{\"@type\":\"ImageObject\",\"inLanguage\":\"fr-FR\",\"@id\":\"https:\/\/nationalnews24.bj\/#\/schema\/logo\/image\/\",\"url\":\"https:\/\/nationalnews24.bj\/wp-content\/uploads\/2020\/12\/1748693216483.jpg\",\"contentUrl\":\"https:\/\/nationalnews24.bj\/wp-content\/uploads\/2020\/12\/1748693216483.jpg\",\"width\":948,\"height\":552,\"caption\":\"National News 24 (NN24)\"},\"image\":{\"@id\":\"https:\/\/nationalnews24.bj\/#\/schema\/logo\/image\/\"}}]}<\/script>\n<!-- \/ Yoast SEO plugin. -->","yoast_head_json":{"title":"Culture -","robots":{"index":"index","follow":"follow","max-snippet":"max-snippet:-1","max-image-preview":"max-image-preview:large","max-video-preview":"max-video-preview:-1"},"canonical":"https:\/\/laffichedujour.bj\/index.php\/societe\/culture\/","og_locale":"fr_FR","og_type":"article","og_title":"Culture -","og_description":"New airplane seat design will make it easier to sleep in economy f\u00e9vrier 12, 2020By:adminCultureInterNewsOpinionPolitiqueSanteScienceSocieteSportSportsTechTravelUne0Comments Lorem ipsum dolor sit amet, consectetur adipiscing elit. Atqui eorum nihil est eius generis, ut\u2026Read more Inside the 24 hours that John boxing f\u00e9vrier 11, 2020By:adminCultureInterOpinionPolitiqueSanteScienceSocieteSportSportsTechUne0Comments Lorem ipsum dolor sit amet, consectetur adipiscing elit. Atqui eorum nihil est eius generis, [&hellip;]","og_url":"https:\/\/laffichedujour.bj\/index.php\/societe\/culture\/","article_modified_time":"2022-11-03T19:31:04+00:00","og_image":[{"url":"https:\/\/laffichedujour.bj\/wp-content\/uploads\/2020\/02\/2.jpg","type":"","width":"","height":""}],"twitter_card":"summary_large_image","twitter_misc":{"Dur\u00e9e de lecture estim\u00e9e":"1 minute"},"schema":{"@context":"https:\/\/schema.org","@graph":[{"@type":"WebPage","@id":"https:\/\/laffichedujour.bj\/index.php\/societe\/culture\/","url":"https:\/\/laffichedujour.bj\/index.php\/societe\/culture\/","name":"Culture -","isPartOf":{"@id":"https:\/\/nationalnews24.bj\/#website"},"primaryImageOfPage":{"@id":"https:\/\/laffichedujour.bj\/index.php\/societe\/culture\/#primaryimage"},"image":{"@id":"https:\/\/laffichedujour.bj\/index.php\/societe\/culture\/#primaryimage"},"thumbnailUrl":"https:\/\/laffichedujour.bj\/wp-content\/uploads\/2020\/02\/2.jpg","datePublished":"2022-10-26T06:29:59+00:00","dateModified":"2022-11-03T19:31:04+00:00","breadcrumb":{"@id":"https:\/\/laffichedujour.bj\/index.php\/societe\/culture\/#breadcrumb"},"inLanguage":"fr-FR","potentialAction":[{"@type":"ReadAction","target":["https:\/\/laffichedujour.bj\/index.php\/societe\/culture\/"]}]},{"@type":"ImageObject","inLanguage":"fr-FR","@id":"https:\/\/laffichedujour.bj\/index.php\/societe\/culture\/#primaryimage","url":"https:\/\/laffichedujour.bj\/wp-content\/uploads\/2020\/02\/2.jpg","contentUrl":"https:\/\/laffichedujour.bj\/wp-content\/uploads\/2020\/02\/2.jpg"},{"@type":"BreadcrumbList","@id":"https:\/\/laffichedujour.bj\/index.php\/societe\/culture\/#breadcrumb","itemListElement":[{"@type":"ListItem","position":1,"name":"Accueil","item":"https:\/\/actuorizon.com\/"},{"@type":"ListItem","position":2,"name":"Soci\u00e9t\u00e9","item":"https:\/\/laffichedujour.bj\/index.php\/societe\/"},{"@type":"ListItem","position":3,"name":"Culture"}]},{"@type":"WebSite","@id":"https:\/\/nationalnews24.bj\/#website","url":"https:\/\/nationalnews24.bj\/","name":"National News 24 (NN24)","description":"","publisher":{"@id":"https:\/\/nationalnews24.bj\/#organization"},"potentialAction":[{"@type":"SearchAction","target":{"@type":"EntryPoint","urlTemplate":"https:\/\/nationalnews24.bj\/?s={search_term_string}"},"query-input":{"@type":"PropertyValueSpecification","valueRequired":true,"valueName":"search_term_string"}}],"inLanguage":"fr-FR"},{"@type":"Organization","@id":"https:\/\/nationalnews24.bj\/#organization","name":"National News 24 (NN24)","url":"https:\/\/nationalnews24.bj\/","logo":{"@type":"ImageObject","inLanguage":"fr-FR","@id":"https:\/\/nationalnews24.bj\/#\/schema\/logo\/image\/","url":"https:\/\/nationalnews24.bj\/wp-content\/uploads\/2020\/12\/1748693216483.jpg","contentUrl":"https:\/\/nationalnews24.bj\/wp-content\/uploads\/2020\/12\/1748693216483.jpg","width":948,"height":552,"caption":"National News 24 (NN24)"},"image":{"@id":"https:\/\/nationalnews24.bj\/#\/schema\/logo\/image\/"}}]}},"blog_post_layout_featured_media_urls":{"thumbnail":"","full":""},"categories_names":null,"comments_number":"0","wpmagazine_modules_lite_featured_media_urls":{"thumbnail":"","cvmm-medium":"","cvmm-medium-plus":"","cvmm-portrait":"","cvmm-medium-square":"","cvmm-large":"","cvmm-small":"","full":""},"_links":{"self":[{"href":"https:\/\/nationalnews24.bj\/index.php\/wp-json\/wp\/v2\/pages\/1486","targetHints":{"allow":["GET"]}}],"collection":[{"href":"https:\/\/nationalnews24.bj\/index.php\/wp-json\/wp\/v2\/pages"}],"about":[{"href":"https:\/\/nationalnews24.bj\/index.php\/wp-json\/wp\/v2\/types\/page"}],"author":[{"embeddable":true,"href":"https:\/\/nationalnews24.bj\/index.php\/wp-json\/wp\/v2\/users\/1"}],"replies":[{"embeddable":true,"href":"https:\/\/nationalnews24.bj\/index.php\/wp-json\/wp\/v2\/comments?post=1486"}],"version-history":[{"count":5,"href":"https:\/\/nationalnews24.bj\/index.php\/wp-json\/wp\/v2\/pages\/1486\/revisions"}],"predecessor-version":[{"id":1729,"href":"https:\/\/nationalnews24.bj\/index.php\/wp-json\/wp\/v2\/pages\/1486\/revisions\/1729"}],"up":[{"embeddable":true,"href":"https:\/\/nationalnews24.bj\/index.php\/wp-json\/wp\/v2\/pages\/1484"}],"wp:attachment":[{"href":"https:\/\/nationalnews24.bj\/index.php\/wp-json\/wp\/v2\/media?parent=1486"}],"curies":[{"name":"wp","href":"https:\/\/api.w.org\/{rel}","templated":true}]}}