{"id":1484,"date":"2022-10-26T06:29:32","date_gmt":"2022-10-26T06:29:32","guid":{"rendered":"https:\/\/laffichedujour.bj\/?page_id=1484"},"modified":"2022-11-02T17:50:30","modified_gmt":"2022-11-02T17:50:30","slug":"societe","status":"publish","type":"page","link":"https:\/\/nationalnews24.bj\/index.php\/societe\/","title":{"rendered":"Soci\u00e9t\u00e9"},"content":{"rendered":"\t\t<div data-elementor-type=\"wp-page\" data-elementor-id=\"1484\" class=\"elementor elementor-1484\">\n\t\t\t\t\t\t<section class=\"elementor-section elementor-top-section elementor-element elementor-element-3b4880a elementor-section-boxed elementor-section-height-default elementor-section-height-default\" data-id=\"3b4880a\" data-element_type=\"section\" data-e-type=\"section\">\n\t\t\t\t\t\t<div class=\"elementor-container elementor-column-gap-default\">\n\t\t\t\t\t<div class=\"elementor-column elementor-col-100 elementor-top-column elementor-element elementor-element-a0211f4\" data-id=\"a0211f4\" data-element_type=\"column\" data-e-type=\"column\">\n\t\t\t<div class=\"elementor-widget-wrap elementor-element-populated\">\n\t\t\t\t\t\t<div class=\"elementor-element elementor-element-8f3490b elementor-invisible elementor-widget elementor-widget-cv-grid-blog-post-layout\" data-id=\"8f3490b\" data-element_type=\"widget\" data-e-type=\"widget\" data-settings=\"{&quot;_animation&quot;:&quot;zoomInDown&quot;}\" data-widget_type=\"cv-grid-blog-post-layout.default\">\n\t\t\t\t<div class=\"elementor-widget-container\">\n\t\t\t\t\t<div id=\"cv-grid-post-layout\" class=\"block-8f3490b cv-block cv-block-grid--layout-one\"><h2 class=\"cv-block-title align--center layout--one\"><span>Soci\u00e9t\u00e9<\/span><\/h2>    <div class=\"cv-post-wrapper cv-post--imagemargin column--two\">\r\n                        <article post-id=\"post-4793\" class=\"cv-post post-format--standard cv-icon\" itemscope itemtype=\"http:\/\/schema.org\/articleBody\">\r\n                                        <div class=\"cv-post-thumb\">\r\n                        <a href=\"https:\/\/nationalnews24.bj\/index.php\/2026\/04\/03\/djougou-faux-billets-et-crane-humain-decouverts-chez-un-suspect\/\"><img decoding=\"async\" src=\"https:\/\/nationalnews24.bj\/wp-content\/uploads\/2026\/04\/images-1.jpg\" alt=\"Djougou : Faux billets et cr\u00e2ne humain d\u00e9couverts chez un suspect\"\/><\/a>\r\n                    <\/div>\r\n                    <h2 class=\"cv-post-title\">\r\n                        <a href=\"https:\/\/nationalnews24.bj\/index.php\/2026\/04\/03\/djougou-faux-billets-et-crane-humain-decouverts-chez-un-suspect\/\" target=\"_self\">\r\n                            Djougou : Faux billets et cr\u00e2ne humain d\u00e9couverts chez un suspect                        <\/a>\r\n                    <\/h2>\r\n                    <div class=\"cv-post-meta cv-meta-icon-show\">\r\n                        <span class=\"cv-post-date cv-post-meta-item\" itemprop=\"datePublished\"><a href=\"https:\/\/nationalnews24.bj\/index.php\/2026\/04\/03\/djougou-faux-billets-et-crane-humain-decouverts-chez-un-suspect\/\">avril 3, 2026<\/a><\/span><span class=\"cv-post-author-name cv-post-meta-item\" itemprop=\"author\">By:<a href=\"https:\/\/nationalnews24.bj\/index.php\/author\/irenomacus\/\">National News 24<\/a><\/span><span class=\"cv-post-cats-wrap cv-post-meta-item\"><span class=\"cv-post-cat\"><a href=\"https:\/\/nationalnews24.bj\/index.php\/category\/science\/\">Actualit\u00e9<\/a><\/span><span class=\"cv-post-cat\"><a href=\"https:\/\/nationalnews24.bj\/index.php\/category\/societe\/\">Soci\u00e9t\u00e9<\/a><\/span><span class=\"cv-post-cat\"><a href=\"https:\/\/nationalnews24.bj\/index.php\/category\/une\/\">Une<\/a><\/span><\/span><span class=\"cv-post-comments-wrap cv-post-meta-item\"><a href=\"https:\/\/nationalnews24.bj\/index.php\/2026\/04\/03\/djougou-faux-billets-et-crane-humain-decouverts-chez-un-suspect\/\/#comments\">0<span class=\"cv-comment-txt\">Comments<\/span><\/a><\/span>                    <\/div>\r\n                <div class=\"cv-post-content\" itemprop=\"description\">Une affaire surprenante secoue la ville de Djougou. Un individu a \u00e9t\u00e9 interpell\u00e9 par la\u2026<\/div><div class=\"cv-read-more\"><a href=https:\/\/nationalnews24.bj\/index.php\/2026\/04\/03\/djougou-faux-billets-et-crane-humain-decouverts-chez-un-suspect\/>Lire plus<i class=\"fas fa-arrow-right\"><\/i><\/a><\/div>                <\/article>\r\n                        <article post-id=\"post-4787\" class=\"cv-post post-format--standard cv-icon\" itemscope itemtype=\"http:\/\/schema.org\/articleBody\">\r\n                                        <div class=\"cv-post-thumb\">\r\n                        <a href=\"https:\/\/nationalnews24.bj\/index.php\/2026\/04\/03\/presidentielle-2026-la-haac-ajuste-les-regles-du-jeu-mediatique-a-quelques-jours-du-scrutin\/\"><img decoding=\"async\" src=\"https:\/\/nationalnews24.bj\/wp-content\/uploads\/2026\/04\/edouard-loko.webp\" alt=\"Pr\u00e9sidentielle 2026 : La HAAC ajuste les r\u00e8gles du jeu m\u00e9diatique \u00e0 quelques jours du scrutin\"\/><\/a>\r\n                    <\/div>\r\n                    <h2 class=\"cv-post-title\">\r\n                        <a href=\"https:\/\/nationalnews24.bj\/index.php\/2026\/04\/03\/presidentielle-2026-la-haac-ajuste-les-regles-du-jeu-mediatique-a-quelques-jours-du-scrutin\/\" target=\"_self\">\r\n                            Pr\u00e9sidentielle 2026 : La HAAC ajuste les r\u00e8gles du jeu m\u00e9diatique \u00e0 quelques jours du scrutin                        <\/a>\r\n                    <\/h2>\r\n                    <div class=\"cv-post-meta cv-meta-icon-show\">\r\n                        <span class=\"cv-post-date cv-post-meta-item\" itemprop=\"datePublished\"><a href=\"https:\/\/nationalnews24.bj\/index.php\/2026\/04\/03\/presidentielle-2026-la-haac-ajuste-les-regles-du-jeu-mediatique-a-quelques-jours-du-scrutin\/\">avril 3, 2026<\/a><\/span><span class=\"cv-post-author-name cv-post-meta-item\" itemprop=\"author\">By:<a href=\"https:\/\/nationalnews24.bj\/index.php\/author\/irenomacus\/\">National News 24<\/a><\/span><span class=\"cv-post-cats-wrap cv-post-meta-item\"><span class=\"cv-post-cat\"><a href=\"https:\/\/nationalnews24.bj\/index.php\/category\/science\/\">Actualit\u00e9<\/a><\/span><span class=\"cv-post-cat\"><a href=\"https:\/\/nationalnews24.bj\/index.php\/category\/societe\/\">Soci\u00e9t\u00e9<\/a><\/span><span class=\"cv-post-cat\"><a href=\"https:\/\/nationalnews24.bj\/index.php\/category\/une\/\">Une<\/a><\/span><\/span><span class=\"cv-post-comments-wrap cv-post-meta-item\"><a href=\"https:\/\/nationalnews24.bj\/index.php\/2026\/04\/03\/presidentielle-2026-la-haac-ajuste-les-regles-du-jeu-mediatique-a-quelques-jours-du-scrutin\/\/#comments\">0<span class=\"cv-comment-txt\">Comments<\/span><\/a><\/span>                    <\/div>\r\n                <div class=\"cv-post-content\" itemprop=\"description\">\u00c0 l\u2019approche de l\u2019\u00e9lection pr\u00e9sidentielle d\u2019avril 2026, la Haute Autorit\u00e9 de l\u2019Audiovisuel et de la\u2026<\/div><div class=\"cv-read-more\"><a href=https:\/\/nationalnews24.bj\/index.php\/2026\/04\/03\/presidentielle-2026-la-haac-ajuste-les-regles-du-jeu-mediatique-a-quelques-jours-du-scrutin\/>Lire plus<i class=\"fas fa-arrow-right\"><\/i><\/a><\/div>                <\/article>\r\n                        <article post-id=\"post-4749\" class=\"cv-post post-format--standard cv-icon\" itemscope itemtype=\"http:\/\/schema.org\/articleBody\">\r\n                                        <div class=\"cv-post-thumb\">\r\n                        <a href=\"https:\/\/nationalnews24.bj\/index.php\/2026\/03\/26\/mobilite-urbaine-au-benin-zemizemi-malin-laudace-dun-covoiturage-solidaire-qui-redessine-les-trajets-du-quotidien\/\"><img decoding=\"async\" src=\"https:\/\/nationalnews24.bj\/wp-content\/uploads\/2026\/03\/IMG-20260326-WA0008-1.jpg\" alt=\"Mobilit\u00e9 urbaine au B\u00e9nin : Z\u00e9miZ\u00e9mi Malin, l\u2019audace d\u2019un covoiturage solidaire qui redessine les trajets du quotidien\"\/><\/a>\r\n                    <\/div>\r\n                    <h2 class=\"cv-post-title\">\r\n                        <a href=\"https:\/\/nationalnews24.bj\/index.php\/2026\/03\/26\/mobilite-urbaine-au-benin-zemizemi-malin-laudace-dun-covoiturage-solidaire-qui-redessine-les-trajets-du-quotidien\/\" target=\"_self\">\r\n                            Mobilit\u00e9 urbaine au B\u00e9nin : Z\u00e9miZ\u00e9mi Malin, l\u2019audace d\u2019un covoiturage solidaire qui redessine les trajets du quotidien                        <\/a>\r\n                    <\/h2>\r\n                    <div class=\"cv-post-meta cv-meta-icon-show\">\r\n                        <span class=\"cv-post-date cv-post-meta-item\" itemprop=\"datePublished\"><a href=\"https:\/\/nationalnews24.bj\/index.php\/2026\/03\/26\/mobilite-urbaine-au-benin-zemizemi-malin-laudace-dun-covoiturage-solidaire-qui-redessine-les-trajets-du-quotidien\/\">mars 26, 2026<\/a><\/span><span class=\"cv-post-author-name cv-post-meta-item\" itemprop=\"author\">By:<a href=\"https:\/\/nationalnews24.bj\/index.php\/author\/irenomacus\/\">National News 24<\/a><\/span><span class=\"cv-post-cats-wrap cv-post-meta-item\"><span class=\"cv-post-cat\"><a href=\"https:\/\/nationalnews24.bj\/index.php\/category\/science\/\">Actualit\u00e9<\/a><\/span><span class=\"cv-post-cat\"><a href=\"https:\/\/nationalnews24.bj\/index.php\/category\/societe\/\">Soci\u00e9t\u00e9<\/a><\/span><span class=\"cv-post-cat\"><a href=\"https:\/\/nationalnews24.bj\/index.php\/category\/une\/\">Une<\/a><\/span><\/span><span class=\"cv-post-comments-wrap cv-post-meta-item\"><a href=\"https:\/\/nationalnews24.bj\/index.php\/2026\/03\/26\/mobilite-urbaine-au-benin-zemizemi-malin-laudace-dun-covoiturage-solidaire-qui-redessine-les-trajets-du-quotidien\/\/#comments\">0<span class=\"cv-comment-txt\">Comments<\/span><\/a><\/span>                    <\/div>\r\n                <div class=\"cv-post-content\" itemprop=\"description\">Face aux d\u00e9fis croissants de la mobilit\u00e9 urbaine et interurbaine au B\u00e9nin, une innovation port\u00e9e\u2026<\/div><div class=\"cv-read-more\"><a href=https:\/\/nationalnews24.bj\/index.php\/2026\/03\/26\/mobilite-urbaine-au-benin-zemizemi-malin-laudace-dun-covoiturage-solidaire-qui-redessine-les-trajets-du-quotidien\/>Lire plus<i class=\"fas fa-arrow-right\"><\/i><\/a><\/div>                <\/article>\r\n                        <article post-id=\"post-4742\" class=\"cv-post post-format--standard cv-icon\" itemscope itemtype=\"http:\/\/schema.org\/articleBody\">\r\n                                        <div class=\"cv-post-thumb\">\r\n                        <a href=\"https:\/\/nationalnews24.bj\/index.php\/2026\/03\/24\/zemizemi-malin-le-covoiturage-a-la-beninoise-entretien-exclusif-avec-florent-houessou-promoteur-dune-innovation-pour-une-mobilite-plus-intelligente\/\"><img decoding=\"async\" src=\"https:\/\/nationalnews24.bj\/wp-content\/uploads\/2026\/03\/9U8A4764.jpg\" alt=\"\u00ab Z\u00e9miZ\u00e9mi Malin, le covoiturage \u00e0 la b\u00e9ninoise \u00bb : Entretien exclusif avec Florent Houessou, promoteur d\u2019une innovation pour une mobilit\u00e9 plus intelligente\"\/><\/a>\r\n                    <\/div>\r\n                    <h2 class=\"cv-post-title\">\r\n                        <a href=\"https:\/\/nationalnews24.bj\/index.php\/2026\/03\/24\/zemizemi-malin-le-covoiturage-a-la-beninoise-entretien-exclusif-avec-florent-houessou-promoteur-dune-innovation-pour-une-mobilite-plus-intelligente\/\" target=\"_self\">\r\n                            \u00ab Z\u00e9miZ\u00e9mi Malin, le covoiturage \u00e0 la b\u00e9ninoise \u00bb : Entretien exclusif avec Florent Houessou, promoteur d\u2019une innovation pour une mobilit\u00e9 plus intelligente                        <\/a>\r\n                    <\/h2>\r\n                    <div class=\"cv-post-meta cv-meta-icon-show\">\r\n                        <span class=\"cv-post-date cv-post-meta-item\" itemprop=\"datePublished\"><a href=\"https:\/\/nationalnews24.bj\/index.php\/2026\/03\/24\/zemizemi-malin-le-covoiturage-a-la-beninoise-entretien-exclusif-avec-florent-houessou-promoteur-dune-innovation-pour-une-mobilite-plus-intelligente\/\">mars 24, 2026<\/a><\/span><span class=\"cv-post-author-name cv-post-meta-item\" itemprop=\"author\">By:<a href=\"https:\/\/nationalnews24.bj\/index.php\/author\/irenomacus\/\">National News 24<\/a><\/span><span class=\"cv-post-cats-wrap cv-post-meta-item\"><span class=\"cv-post-cat\"><a href=\"https:\/\/nationalnews24.bj\/index.php\/category\/science\/\">Actualit\u00e9<\/a><\/span><span class=\"cv-post-cat\"><a href=\"https:\/\/nationalnews24.bj\/index.php\/category\/societe\/\">Soci\u00e9t\u00e9<\/a><\/span><span class=\"cv-post-cat\"><a href=\"https:\/\/nationalnews24.bj\/index.php\/category\/une\/\">Une<\/a><\/span><\/span><span class=\"cv-post-comments-wrap cv-post-meta-item\"><a href=\"https:\/\/nationalnews24.bj\/index.php\/2026\/03\/24\/zemizemi-malin-le-covoiturage-a-la-beninoise-entretien-exclusif-avec-florent-houessou-promoteur-dune-innovation-pour-une-mobilite-plus-intelligente\/\/#comments\">0<span class=\"cv-comment-txt\">Comments<\/span><\/a><\/span>                    <\/div>\r\n                <div class=\"cv-post-content\" itemprop=\"description\">Dans un contexte o\u00f9 les d\u00e9fis li\u00e9s \u00e0 la mobilit\u00e9 urbaine et interurbaine se multiplient\u2026<\/div><div class=\"cv-read-more\"><a href=https:\/\/nationalnews24.bj\/index.php\/2026\/03\/24\/zemizemi-malin-le-covoiturage-a-la-beninoise-entretien-exclusif-avec-florent-houessou-promoteur-dune-innovation-pour-une-mobilite-plus-intelligente\/>Lire plus<i class=\"fas fa-arrow-right\"><\/i><\/a><\/div>                <\/article>\r\n            <\/div><\/div>\t\t\t\t<\/div>\n\t\t\t\t<\/div>\n\t\t\t\t\t<\/div>\n\t\t<\/div>\n\t\t\t\t\t<\/div>\n\t\t<\/section>\n\t\t\t\t<\/div>\n\t\t<!--CusAds0-->\n<div style=\"font-size: 0px; height: 0px; line-height: 0px; margin: 0; padding: 0; clear: both;\"><\/div>","protected":false},"excerpt":{"rendered":"<p>Soci\u00e9t\u00e9 C\u00e9l\u00e9bration de la JIFi \u00e0 Porto-Novo : Gertrude Nadia Dossa communie avec les jeunes filles du lyc\u00e9e Toffa 1er novembre 2, 2022By:Marc KOSSOUSociete0Comments Rendre responsables les jeunes filles et les conscientiser sur le danger qu&rsquo;elles courent \u00e0 travers\u2026Lire plus Un an apr\u00e8s son assassinat \u00e0 Parakou : Qu\u2019est devenu le dossier d\u2019Eloi Dogo br\u00fbl\u00e9 [&hellip;]<\/p>\n","protected":false},"author":1,"featured_media":0,"parent":0,"menu_order":0,"comment_status":"closed","ping_status":"closed","template":"","meta":{"footnotes":""},"class_list":["post-1484","page","type-page","status-publish","hentry"],"yoast_head":"<!-- This site is optimized with the Yoast SEO plugin v26.9 - https:\/\/yoast.com\/product\/yoast-seo-wordpress\/ -->\n<title>Soci\u00e9t\u00e9 -<\/title>\n<meta name=\"robots\" content=\"index, follow, max-snippet:-1, max-image-preview:large, max-video-preview:-1\" \/>\n<link rel=\"canonical\" href=\"https:\/\/laffichedujour.bj\/index.php\/societe\/\" \/>\n<meta property=\"og:locale\" content=\"fr_FR\" \/>\n<meta property=\"og:type\" content=\"article\" \/>\n<meta property=\"og:title\" content=\"Soci\u00e9t\u00e9 -\" \/>\n<meta property=\"og:description\" content=\"Soci\u00e9t\u00e9 C\u00e9l\u00e9bration de la JIFi \u00e0 Porto-Novo : Gertrude Nadia Dossa communie avec les jeunes filles du lyc\u00e9e Toffa 1er novembre 2, 2022By:Marc KOSSOUSociete0Comments Rendre responsables les jeunes filles et les conscientiser sur le danger qu&rsquo;elles courent \u00e0 travers\u2026Lire plus Un an apr\u00e8s son assassinat \u00e0 Parakou : Qu\u2019est devenu le dossier d\u2019Eloi Dogo br\u00fbl\u00e9 [&hellip;]\" \/>\n<meta property=\"og:url\" content=\"https:\/\/laffichedujour.bj\/index.php\/societe\/\" \/>\n<meta property=\"article:modified_time\" content=\"2022-11-02T17:50:30+00:00\" \/>\n<meta property=\"og:image\" content=\"https:\/\/laffichedujour.bj\/wp-content\/uploads\/2022\/11\/IMG-20221011-WA0099.jpg\" \/>\n<meta name=\"twitter:card\" content=\"summary_large_image\" \/>\n<meta name=\"twitter:label1\" content=\"Dur\u00e9e de lecture estim\u00e9e\" \/>\n\t<meta name=\"twitter:data1\" content=\"1 minute\" \/>\n<script type=\"application\/ld+json\" class=\"yoast-schema-graph\">{\"@context\":\"https:\/\/schema.org\",\"@graph\":[{\"@type\":\"WebPage\",\"@id\":\"https:\/\/laffichedujour.bj\/index.php\/societe\/\",\"url\":\"https:\/\/laffichedujour.bj\/index.php\/societe\/\",\"name\":\"Soci\u00e9t\u00e9 -\",\"isPartOf\":{\"@id\":\"https:\/\/nationalnews24.bj\/#website\"},\"primaryImageOfPage\":{\"@id\":\"https:\/\/laffichedujour.bj\/index.php\/societe\/#primaryimage\"},\"image\":{\"@id\":\"https:\/\/laffichedujour.bj\/index.php\/societe\/#primaryimage\"},\"thumbnailUrl\":\"https:\/\/laffichedujour.bj\/wp-content\/uploads\/2022\/11\/IMG-20221011-WA0099.jpg\",\"datePublished\":\"2022-10-26T06:29:32+00:00\",\"dateModified\":\"2022-11-02T17:50:30+00:00\",\"breadcrumb\":{\"@id\":\"https:\/\/laffichedujour.bj\/index.php\/societe\/#breadcrumb\"},\"inLanguage\":\"fr-FR\",\"potentialAction\":[{\"@type\":\"ReadAction\",\"target\":[\"https:\/\/laffichedujour.bj\/index.php\/societe\/\"]}]},{\"@type\":\"ImageObject\",\"inLanguage\":\"fr-FR\",\"@id\":\"https:\/\/laffichedujour.bj\/index.php\/societe\/#primaryimage\",\"url\":\"https:\/\/laffichedujour.bj\/wp-content\/uploads\/2022\/11\/IMG-20221011-WA0099.jpg\",\"contentUrl\":\"https:\/\/laffichedujour.bj\/wp-content\/uploads\/2022\/11\/IMG-20221011-WA0099.jpg\"},{\"@type\":\"BreadcrumbList\",\"@id\":\"https:\/\/laffichedujour.bj\/index.php\/societe\/#breadcrumb\",\"itemListElement\":[{\"@type\":\"ListItem\",\"position\":1,\"name\":\"Accueil\",\"item\":\"https:\/\/actuorizon.com\/\"},{\"@type\":\"ListItem\",\"position\":2,\"name\":\"Soci\u00e9t\u00e9\"}]},{\"@type\":\"WebSite\",\"@id\":\"https:\/\/nationalnews24.bj\/#website\",\"url\":\"https:\/\/nationalnews24.bj\/\",\"name\":\"National News 24 (NN24)\",\"description\":\"\",\"publisher\":{\"@id\":\"https:\/\/nationalnews24.bj\/#organization\"},\"potentialAction\":[{\"@type\":\"SearchAction\",\"target\":{\"@type\":\"EntryPoint\",\"urlTemplate\":\"https:\/\/nationalnews24.bj\/?s={search_term_string}\"},\"query-input\":{\"@type\":\"PropertyValueSpecification\",\"valueRequired\":true,\"valueName\":\"search_term_string\"}}],\"inLanguage\":\"fr-FR\"},{\"@type\":\"Organization\",\"@id\":\"https:\/\/nationalnews24.bj\/#organization\",\"name\":\"National News 24 (NN24)\",\"url\":\"https:\/\/nationalnews24.bj\/\",\"logo\":{\"@type\":\"ImageObject\",\"inLanguage\":\"fr-FR\",\"@id\":\"https:\/\/nationalnews24.bj\/#\/schema\/logo\/image\/\",\"url\":\"https:\/\/nationalnews24.bj\/wp-content\/uploads\/2020\/12\/1748693216483.jpg\",\"contentUrl\":\"https:\/\/nationalnews24.bj\/wp-content\/uploads\/2020\/12\/1748693216483.jpg\",\"width\":948,\"height\":552,\"caption\":\"National News 24 (NN24)\"},\"image\":{\"@id\":\"https:\/\/nationalnews24.bj\/#\/schema\/logo\/image\/\"}}]}<\/script>\n<!-- \/ Yoast SEO plugin. -->","yoast_head_json":{"title":"Soci\u00e9t\u00e9 -","robots":{"index":"index","follow":"follow","max-snippet":"max-snippet:-1","max-image-preview":"max-image-preview:large","max-video-preview":"max-video-preview:-1"},"canonical":"https:\/\/laffichedujour.bj\/index.php\/societe\/","og_locale":"fr_FR","og_type":"article","og_title":"Soci\u00e9t\u00e9 -","og_description":"Soci\u00e9t\u00e9 C\u00e9l\u00e9bration de la JIFi \u00e0 Porto-Novo : Gertrude Nadia Dossa communie avec les jeunes filles du lyc\u00e9e Toffa 1er novembre 2, 2022By:Marc KOSSOUSociete0Comments Rendre responsables les jeunes filles et les conscientiser sur le danger qu&rsquo;elles courent \u00e0 travers\u2026Lire plus Un an apr\u00e8s son assassinat \u00e0 Parakou : Qu\u2019est devenu le dossier d\u2019Eloi Dogo br\u00fbl\u00e9 [&hellip;]","og_url":"https:\/\/laffichedujour.bj\/index.php\/societe\/","article_modified_time":"2022-11-02T17:50:30+00:00","og_image":[{"url":"https:\/\/laffichedujour.bj\/wp-content\/uploads\/2022\/11\/IMG-20221011-WA0099.jpg","type":"","width":"","height":""}],"twitter_card":"summary_large_image","twitter_misc":{"Dur\u00e9e de lecture estim\u00e9e":"1 minute"},"schema":{"@context":"https:\/\/schema.org","@graph":[{"@type":"WebPage","@id":"https:\/\/laffichedujour.bj\/index.php\/societe\/","url":"https:\/\/laffichedujour.bj\/index.php\/societe\/","name":"Soci\u00e9t\u00e9 -","isPartOf":{"@id":"https:\/\/nationalnews24.bj\/#website"},"primaryImageOfPage":{"@id":"https:\/\/laffichedujour.bj\/index.php\/societe\/#primaryimage"},"image":{"@id":"https:\/\/laffichedujour.bj\/index.php\/societe\/#primaryimage"},"thumbnailUrl":"https:\/\/laffichedujour.bj\/wp-content\/uploads\/2022\/11\/IMG-20221011-WA0099.jpg","datePublished":"2022-10-26T06:29:32+00:00","dateModified":"2022-11-02T17:50:30+00:00","breadcrumb":{"@id":"https:\/\/laffichedujour.bj\/index.php\/societe\/#breadcrumb"},"inLanguage":"fr-FR","potentialAction":[{"@type":"ReadAction","target":["https:\/\/laffichedujour.bj\/index.php\/societe\/"]}]},{"@type":"ImageObject","inLanguage":"fr-FR","@id":"https:\/\/laffichedujour.bj\/index.php\/societe\/#primaryimage","url":"https:\/\/laffichedujour.bj\/wp-content\/uploads\/2022\/11\/IMG-20221011-WA0099.jpg","contentUrl":"https:\/\/laffichedujour.bj\/wp-content\/uploads\/2022\/11\/IMG-20221011-WA0099.jpg"},{"@type":"BreadcrumbList","@id":"https:\/\/laffichedujour.bj\/index.php\/societe\/#breadcrumb","itemListElement":[{"@type":"ListItem","position":1,"name":"Accueil","item":"https:\/\/actuorizon.com\/"},{"@type":"ListItem","position":2,"name":"Soci\u00e9t\u00e9"}]},{"@type":"WebSite","@id":"https:\/\/nationalnews24.bj\/#website","url":"https:\/\/nationalnews24.bj\/","name":"National News 24 (NN24)","description":"","publisher":{"@id":"https:\/\/nationalnews24.bj\/#organization"},"potentialAction":[{"@type":"SearchAction","target":{"@type":"EntryPoint","urlTemplate":"https:\/\/nationalnews24.bj\/?s={search_term_string}"},"query-input":{"@type":"PropertyValueSpecification","valueRequired":true,"valueName":"search_term_string"}}],"inLanguage":"fr-FR"},{"@type":"Organization","@id":"https:\/\/nationalnews24.bj\/#organization","name":"National News 24 (NN24)","url":"https:\/\/nationalnews24.bj\/","logo":{"@type":"ImageObject","inLanguage":"fr-FR","@id":"https:\/\/nationalnews24.bj\/#\/schema\/logo\/image\/","url":"https:\/\/nationalnews24.bj\/wp-content\/uploads\/2020\/12\/1748693216483.jpg","contentUrl":"https:\/\/nationalnews24.bj\/wp-content\/uploads\/2020\/12\/1748693216483.jpg","width":948,"height":552,"caption":"National News 24 (NN24)"},"image":{"@id":"https:\/\/nationalnews24.bj\/#\/schema\/logo\/image\/"}}]}},"blog_post_layout_featured_media_urls":{"thumbnail":"","full":""},"categories_names":null,"comments_number":"0","wpmagazine_modules_lite_featured_media_urls":{"thumbnail":"","cvmm-medium":"","cvmm-medium-plus":"","cvmm-portrait":"","cvmm-medium-square":"","cvmm-large":"","cvmm-small":"","full":""},"_links":{"self":[{"href":"https:\/\/nationalnews24.bj\/index.php\/wp-json\/wp\/v2\/pages\/1484","targetHints":{"allow":["GET"]}}],"collection":[{"href":"https:\/\/nationalnews24.bj\/index.php\/wp-json\/wp\/v2\/pages"}],"about":[{"href":"https:\/\/nationalnews24.bj\/index.php\/wp-json\/wp\/v2\/types\/page"}],"author":[{"embeddable":true,"href":"https:\/\/nationalnews24.bj\/index.php\/wp-json\/wp\/v2\/users\/1"}],"replies":[{"embeddable":true,"href":"https:\/\/nationalnews24.bj\/index.php\/wp-json\/wp\/v2\/comments?post=1484"}],"version-history":[{"count":4,"href":"https:\/\/nationalnews24.bj\/index.php\/wp-json\/wp\/v2\/pages\/1484\/revisions"}],"predecessor-version":[{"id":1664,"href":"https:\/\/nationalnews24.bj\/index.php\/wp-json\/wp\/v2\/pages\/1484\/revisions\/1664"}],"wp:attachment":[{"href":"https:\/\/nationalnews24.bj\/index.php\/wp-json\/wp\/v2\/media?parent=1484"}],"curies":[{"name":"wp","href":"https:\/\/api.w.org\/{rel}","templated":true}]}}