{"id":1482,"date":"2022-10-26T06:28:59","date_gmt":"2022-10-26T06:28:59","guid":{"rendered":"https:\/\/laffichedujour.bj\/?page_id=1482"},"modified":"2022-11-02T17:44:36","modified_gmt":"2022-11-02T17:44:36","slug":"politique","status":"publish","type":"page","link":"https:\/\/nationalnews24.bj\/index.php\/politique\/","title":{"rendered":"Politique"},"content":{"rendered":"\t\t<div data-elementor-type=\"wp-page\" data-elementor-id=\"1482\" class=\"elementor elementor-1482\">\n\t\t\t\t\t\t<section class=\"elementor-section elementor-top-section elementor-element elementor-element-ee074d0 elementor-section-boxed elementor-section-height-default elementor-section-height-default\" data-id=\"ee074d0\" data-element_type=\"section\" data-e-type=\"section\">\n\t\t\t\t\t\t<div class=\"elementor-container elementor-column-gap-default\">\n\t\t\t\t\t<div class=\"elementor-column elementor-col-100 elementor-top-column elementor-element elementor-element-e458ef3\" data-id=\"e458ef3\" data-element_type=\"column\" data-e-type=\"column\">\n\t\t\t<div class=\"elementor-widget-wrap elementor-element-populated\">\n\t\t\t\t\t\t<div class=\"elementor-element elementor-element-0ef9d17 elementor-widget elementor-widget-post-grid\" data-id=\"0ef9d17\" data-element_type=\"widget\" data-e-type=\"widget\" data-widget_type=\"post-grid.default\">\n\t\t\t\t<div class=\"elementor-widget-container\">\n\t\t\t\t\t<div id=\"wpmagazine-modules-lite-post-grid-block-0ef9d17\" class=\"wpmagazine-modules-lite-post-grid-block block-0ef9d17 cvmm-block cvmm-block-post-grid--layout-default\">    <div class=\"cvmm-post-wrapper cvmm-post--imagemargin column--two\">\r\n                        <article post-id=\"post-4821\" class=\"cvmm-post post-format--standard\" itemscope itemtype=\"http:\/\/schema.org\/articleBody\">\r\n                                                <div class=\"cvmm-post-thumb\">\r\n                                <a href=\"https:\/\/nationalnews24.bj\/index.php\/2026\/04\/07\/porto-novo-said-hounkponou-en-chef-de-file-dune-mobilisation-massive-pour-wadagni-talata\/\" target=\"_blank\"><img decoding=\"async\" src=\"https:\/\/nationalnews24.bj\/wp-content\/uploads\/2026\/04\/Screenshot_20260405-144035.jpg\" alt=\"Porto-Novo : Sa\u00efd Hounkponou en chef de file d\u2019une mobilisation massive pour Wadagni-Talata\"\/><\/a>\r\n                            <\/div>\r\n                                                <h2 class=\"cvmm-post-title\">\r\n                                <a href=\"https:\/\/nationalnews24.bj\/index.php\/2026\/04\/07\/porto-novo-said-hounkponou-en-chef-de-file-dune-mobilisation-massive-pour-wadagni-talata\/\" target=\"_blank\">\r\n                                    Porto-Novo : Sa\u00efd Hounkponou en chef de file d\u2019une mobilisation massive pour Wadagni-Talata                                <\/a>\r\n                            <\/h2>\r\n                    \r\n                    <div class=\"cvmm-post-meta cvmm-meta-icon-hide\">\r\n                                            <\/div>\r\n                                    <\/article>\r\n                        <article post-id=\"post-4816\" class=\"cvmm-post post-format--standard\" itemscope itemtype=\"http:\/\/schema.org\/articleBody\">\r\n                                                <div class=\"cvmm-post-thumb\">\r\n                                <a href=\"https:\/\/nationalnews24.bj\/index.php\/2026\/04\/07\/campagne-pour-la-presidentielle-a-porto-novo-cap-2026-rallie-la-jeunesse-et-consolide-ladhesion-au-projet-du-duo-wadagni-talata\/\" target=\"_blank\"><img decoding=\"async\" src=\"https:\/\/nationalnews24.bj\/wp-content\/uploads\/2026\/04\/IMG-20260405-WA0008.jpg\" alt=\"Campagne pour la pr\u00e9sidentielle \u00e0 Porto-Novo : CAP 2026 rallie la jeunesse et consolide l\u2019adh\u00e9sion au projet du duo Wadagni-Talata\"\/><\/a>\r\n                            <\/div>\r\n                                                <h2 class=\"cvmm-post-title\">\r\n                                <a href=\"https:\/\/nationalnews24.bj\/index.php\/2026\/04\/07\/campagne-pour-la-presidentielle-a-porto-novo-cap-2026-rallie-la-jeunesse-et-consolide-ladhesion-au-projet-du-duo-wadagni-talata\/\" target=\"_blank\">\r\n                                    Campagne pour la pr\u00e9sidentielle \u00e0 Porto-Novo : CAP 2026 rallie la jeunesse et consolide l\u2019adh\u00e9sion au projet du duo Wadagni-Talata                                <\/a>\r\n                            <\/h2>\r\n                    \r\n                    <div class=\"cvmm-post-meta cvmm-meta-icon-hide\">\r\n                                            <\/div>\r\n                                    <\/article>\r\n                        <article post-id=\"post-4811\" class=\"cvmm-post post-format--standard\" itemscope itemtype=\"http:\/\/schema.org\/articleBody\">\r\n                                                <div class=\"cvmm-post-thumb\">\r\n                                <a href=\"https:\/\/nationalnews24.bj\/index.php\/2026\/04\/07\/presidentielle-2026-au-benin-a-seme-podji-basile-melegbehoun-orchestre-une-demonstration-de-force-au-profit-du-duo-wadagni-talata\/\" target=\"_blank\"><img decoding=\"async\" src=\"https:\/\/nationalnews24.bj\/wp-content\/uploads\/2026\/04\/IMG-20260406-WA0040.jpg\" alt=\"Pr\u00e9sidentielle 2026 au B\u00e9nin : \u00c0 S\u00e8m\u00e8-Podji, Basile M\u00e9legb\u00e9houn orchestre une d\u00e9monstration de force au profit du duo Wadagni-Talata\"\/><\/a>\r\n                            <\/div>\r\n                                                <h2 class=\"cvmm-post-title\">\r\n                                <a href=\"https:\/\/nationalnews24.bj\/index.php\/2026\/04\/07\/presidentielle-2026-au-benin-a-seme-podji-basile-melegbehoun-orchestre-une-demonstration-de-force-au-profit-du-duo-wadagni-talata\/\" target=\"_blank\">\r\n                                    Pr\u00e9sidentielle 2026 au B\u00e9nin : \u00c0 S\u00e8m\u00e8-Podji, Basile M\u00e9legb\u00e9houn orchestre une d\u00e9monstration de force au profit du duo Wadagni-Talata                                <\/a>\r\n                            <\/h2>\r\n                    \r\n                    <div class=\"cvmm-post-meta cvmm-meta-icon-hide\">\r\n                                            <\/div>\r\n                                    <\/article>\r\n                        <article post-id=\"post-4804\" class=\"cvmm-post post-format--standard\" itemscope itemtype=\"http:\/\/schema.org\/articleBody\">\r\n                                                <div class=\"cvmm-post-thumb\">\r\n                                <a href=\"https:\/\/nationalnews24.bj\/index.php\/2026\/04\/05\/porto-novo-le-mouvement-pc26-electrise-djegan-daho-et-scelle-son-ancrage-populaire-autour-du-duo-wadagni-talata\/\" target=\"_blank\"><img decoding=\"async\" src=\"https:\/\/nationalnews24.bj\/wp-content\/uploads\/2026\/04\/IMG-20260405-WA0024.jpg\" alt=\"Porto-Novo : Le mouvement PC26 \u00e9lectrise Dj\u00e8gan-Daho et scelle son ancrage populaire autour du duo Wadagni\u2013Talata\"\/><\/a>\r\n                            <\/div>\r\n                                                <h2 class=\"cvmm-post-title\">\r\n                                <a href=\"https:\/\/nationalnews24.bj\/index.php\/2026\/04\/05\/porto-novo-le-mouvement-pc26-electrise-djegan-daho-et-scelle-son-ancrage-populaire-autour-du-duo-wadagni-talata\/\" target=\"_blank\">\r\n                                    Porto-Novo : Le mouvement PC26 \u00e9lectrise Dj\u00e8gan-Daho et scelle son ancrage populaire autour du duo Wadagni\u2013Talata                                <\/a>\r\n                            <\/h2>\r\n                    \r\n                    <div class=\"cvmm-post-meta cvmm-meta-icon-hide\">\r\n                                            <\/div>\r\n                                    <\/article>\r\n            <\/div><\/div><!-- #wpmagazine-modules-lite-post-grid-block -->\t\t\t\t<\/div>\n\t\t\t\t<\/div>\n\t\t\t\t\t<\/div>\n\t\t<\/div>\n\t\t\t\t\t<\/div>\n\t\t<\/section>\n\t\t\t\t<\/div>\n\t\t<!--CusAds0-->\n<div style=\"font-size: 0px; height: 0px; line-height: 0px; margin: 0; padding: 0; clear: both;\"><\/div>","protected":false},"excerpt":{"rendered":"<p>Apr\u00e8s les d\u00e9ballages de Candide Azanna\u00ef : La r\u00e9plique de Guy Mitokp\u00e8 toujours attendue Municipalit\u00e9 de Porto-Novo : Les rapporteurs des commissions permanentes d\u00e9sign\u00e9s S\u00e9minaire d&rsquo;appropriation de la proposition de loi modifiant et compl\u00e9tant la loi n\u00b02004-03 du 27 avril 2006 : La Commission C3 met Parlementaires et experts-comptables au m\u00eame niveau d&rsquo;informations L\u00e9gislatives de [&hellip;]<\/p>\n","protected":false},"author":1,"featured_media":0,"parent":0,"menu_order":0,"comment_status":"closed","ping_status":"closed","template":"","meta":{"footnotes":""},"class_list":["post-1482","page","type-page","status-publish","hentry"],"yoast_head":"<!-- This site is optimized with the Yoast SEO plugin v26.9 - https:\/\/yoast.com\/product\/yoast-seo-wordpress\/ -->\n<title>Politique -<\/title>\n<meta name=\"robots\" content=\"index, follow, max-snippet:-1, max-image-preview:large, max-video-preview:-1\" \/>\n<link rel=\"canonical\" href=\"https:\/\/laffichedujour.bj\/index.php\/politique\/\" \/>\n<meta property=\"og:locale\" content=\"fr_FR\" \/>\n<meta property=\"og:type\" content=\"article\" \/>\n<meta property=\"og:title\" content=\"Politique -\" \/>\n<meta property=\"og:description\" content=\"Apr\u00e8s les d\u00e9ballages de Candide Azanna\u00ef : La r\u00e9plique de Guy Mitokp\u00e8 toujours attendue Municipalit\u00e9 de Porto-Novo : Les rapporteurs des commissions permanentes d\u00e9sign\u00e9s S\u00e9minaire d&rsquo;appropriation de la proposition de loi modifiant et compl\u00e9tant la loi n\u00b02004-03 du 27 avril 2006 : La Commission C3 met Parlementaires et experts-comptables au m\u00eame niveau d&rsquo;informations L\u00e9gislatives de [&hellip;]\" \/>\n<meta property=\"og:url\" content=\"https:\/\/laffichedujour.bj\/index.php\/politique\/\" \/>\n<meta property=\"article:modified_time\" content=\"2022-11-02T17:44:36+00:00\" \/>\n<meta property=\"og:image\" content=\"https:\/\/laffichedujour.bj\/wp-content\/uploads\/2022\/11\/guy-mitokpe.jpg\" \/>\n<meta name=\"twitter:card\" content=\"summary_large_image\" \/>\n<script type=\"application\/ld+json\" class=\"yoast-schema-graph\">{\"@context\":\"https:\/\/schema.org\",\"@graph\":[{\"@type\":\"WebPage\",\"@id\":\"https:\/\/laffichedujour.bj\/index.php\/politique\/\",\"url\":\"https:\/\/laffichedujour.bj\/index.php\/politique\/\",\"name\":\"Politique -\",\"isPartOf\":{\"@id\":\"https:\/\/nationalnews24.bj\/#website\"},\"primaryImageOfPage\":{\"@id\":\"https:\/\/laffichedujour.bj\/index.php\/politique\/#primaryimage\"},\"image\":{\"@id\":\"https:\/\/laffichedujour.bj\/index.php\/politique\/#primaryimage\"},\"thumbnailUrl\":\"https:\/\/laffichedujour.bj\/wp-content\/uploads\/2022\/11\/guy-mitokpe.jpg\",\"datePublished\":\"2022-10-26T06:28:59+00:00\",\"dateModified\":\"2022-11-02T17:44:36+00:00\",\"breadcrumb\":{\"@id\":\"https:\/\/laffichedujour.bj\/index.php\/politique\/#breadcrumb\"},\"inLanguage\":\"fr-FR\",\"potentialAction\":[{\"@type\":\"ReadAction\",\"target\":[\"https:\/\/laffichedujour.bj\/index.php\/politique\/\"]}]},{\"@type\":\"ImageObject\",\"inLanguage\":\"fr-FR\",\"@id\":\"https:\/\/laffichedujour.bj\/index.php\/politique\/#primaryimage\",\"url\":\"https:\/\/laffichedujour.bj\/wp-content\/uploads\/2022\/11\/guy-mitokpe.jpg\",\"contentUrl\":\"https:\/\/laffichedujour.bj\/wp-content\/uploads\/2022\/11\/guy-mitokpe.jpg\"},{\"@type\":\"BreadcrumbList\",\"@id\":\"https:\/\/laffichedujour.bj\/index.php\/politique\/#breadcrumb\",\"itemListElement\":[{\"@type\":\"ListItem\",\"position\":1,\"name\":\"Accueil\",\"item\":\"https:\/\/actuorizon.com\/\"},{\"@type\":\"ListItem\",\"position\":2,\"name\":\"Politique\"}]},{\"@type\":\"WebSite\",\"@id\":\"https:\/\/nationalnews24.bj\/#website\",\"url\":\"https:\/\/nationalnews24.bj\/\",\"name\":\"National News 24 (NN24)\",\"description\":\"\",\"publisher\":{\"@id\":\"https:\/\/nationalnews24.bj\/#organization\"},\"potentialAction\":[{\"@type\":\"SearchAction\",\"target\":{\"@type\":\"EntryPoint\",\"urlTemplate\":\"https:\/\/nationalnews24.bj\/?s={search_term_string}\"},\"query-input\":{\"@type\":\"PropertyValueSpecification\",\"valueRequired\":true,\"valueName\":\"search_term_string\"}}],\"inLanguage\":\"fr-FR\"},{\"@type\":\"Organization\",\"@id\":\"https:\/\/nationalnews24.bj\/#organization\",\"name\":\"National News 24 (NN24)\",\"url\":\"https:\/\/nationalnews24.bj\/\",\"logo\":{\"@type\":\"ImageObject\",\"inLanguage\":\"fr-FR\",\"@id\":\"https:\/\/nationalnews24.bj\/#\/schema\/logo\/image\/\",\"url\":\"https:\/\/nationalnews24.bj\/wp-content\/uploads\/2020\/12\/1748693216483.jpg\",\"contentUrl\":\"https:\/\/nationalnews24.bj\/wp-content\/uploads\/2020\/12\/1748693216483.jpg\",\"width\":948,\"height\":552,\"caption\":\"National News 24 (NN24)\"},\"image\":{\"@id\":\"https:\/\/nationalnews24.bj\/#\/schema\/logo\/image\/\"}}]}<\/script>\n<!-- \/ Yoast SEO plugin. -->","yoast_head_json":{"title":"Politique -","robots":{"index":"index","follow":"follow","max-snippet":"max-snippet:-1","max-image-preview":"max-image-preview:large","max-video-preview":"max-video-preview:-1"},"canonical":"https:\/\/laffichedujour.bj\/index.php\/politique\/","og_locale":"fr_FR","og_type":"article","og_title":"Politique -","og_description":"Apr\u00e8s les d\u00e9ballages de Candide Azanna\u00ef : La r\u00e9plique de Guy Mitokp\u00e8 toujours attendue Municipalit\u00e9 de Porto-Novo : Les rapporteurs des commissions permanentes d\u00e9sign\u00e9s S\u00e9minaire d&rsquo;appropriation de la proposition de loi modifiant et compl\u00e9tant la loi n\u00b02004-03 du 27 avril 2006 : La Commission C3 met Parlementaires et experts-comptables au m\u00eame niveau d&rsquo;informations L\u00e9gislatives de [&hellip;]","og_url":"https:\/\/laffichedujour.bj\/index.php\/politique\/","article_modified_time":"2022-11-02T17:44:36+00:00","og_image":[{"url":"https:\/\/laffichedujour.bj\/wp-content\/uploads\/2022\/11\/guy-mitokpe.jpg","type":"","width":"","height":""}],"twitter_card":"summary_large_image","schema":{"@context":"https:\/\/schema.org","@graph":[{"@type":"WebPage","@id":"https:\/\/laffichedujour.bj\/index.php\/politique\/","url":"https:\/\/laffichedujour.bj\/index.php\/politique\/","name":"Politique -","isPartOf":{"@id":"https:\/\/nationalnews24.bj\/#website"},"primaryImageOfPage":{"@id":"https:\/\/laffichedujour.bj\/index.php\/politique\/#primaryimage"},"image":{"@id":"https:\/\/laffichedujour.bj\/index.php\/politique\/#primaryimage"},"thumbnailUrl":"https:\/\/laffichedujour.bj\/wp-content\/uploads\/2022\/11\/guy-mitokpe.jpg","datePublished":"2022-10-26T06:28:59+00:00","dateModified":"2022-11-02T17:44:36+00:00","breadcrumb":{"@id":"https:\/\/laffichedujour.bj\/index.php\/politique\/#breadcrumb"},"inLanguage":"fr-FR","potentialAction":[{"@type":"ReadAction","target":["https:\/\/laffichedujour.bj\/index.php\/politique\/"]}]},{"@type":"ImageObject","inLanguage":"fr-FR","@id":"https:\/\/laffichedujour.bj\/index.php\/politique\/#primaryimage","url":"https:\/\/laffichedujour.bj\/wp-content\/uploads\/2022\/11\/guy-mitokpe.jpg","contentUrl":"https:\/\/laffichedujour.bj\/wp-content\/uploads\/2022\/11\/guy-mitokpe.jpg"},{"@type":"BreadcrumbList","@id":"https:\/\/laffichedujour.bj\/index.php\/politique\/#breadcrumb","itemListElement":[{"@type":"ListItem","position":1,"name":"Accueil","item":"https:\/\/actuorizon.com\/"},{"@type":"ListItem","position":2,"name":"Politique"}]},{"@type":"WebSite","@id":"https:\/\/nationalnews24.bj\/#website","url":"https:\/\/nationalnews24.bj\/","name":"National News 24 (NN24)","description":"","publisher":{"@id":"https:\/\/nationalnews24.bj\/#organization"},"potentialAction":[{"@type":"SearchAction","target":{"@type":"EntryPoint","urlTemplate":"https:\/\/nationalnews24.bj\/?s={search_term_string}"},"query-input":{"@type":"PropertyValueSpecification","valueRequired":true,"valueName":"search_term_string"}}],"inLanguage":"fr-FR"},{"@type":"Organization","@id":"https:\/\/nationalnews24.bj\/#organization","name":"National News 24 (NN24)","url":"https:\/\/nationalnews24.bj\/","logo":{"@type":"ImageObject","inLanguage":"fr-FR","@id":"https:\/\/nationalnews24.bj\/#\/schema\/logo\/image\/","url":"https:\/\/nationalnews24.bj\/wp-content\/uploads\/2020\/12\/1748693216483.jpg","contentUrl":"https:\/\/nationalnews24.bj\/wp-content\/uploads\/2020\/12\/1748693216483.jpg","width":948,"height":552,"caption":"National News 24 (NN24)"},"image":{"@id":"https:\/\/nationalnews24.bj\/#\/schema\/logo\/image\/"}}]}},"blog_post_layout_featured_media_urls":{"thumbnail":"","full":""},"categories_names":null,"comments_number":"0","wpmagazine_modules_lite_featured_media_urls":{"thumbnail":"","cvmm-medium":"","cvmm-medium-plus":"","cvmm-portrait":"","cvmm-medium-square":"","cvmm-large":"","cvmm-small":"","full":""},"_links":{"self":[{"href":"https:\/\/nationalnews24.bj\/index.php\/wp-json\/wp\/v2\/pages\/1482","targetHints":{"allow":["GET"]}}],"collection":[{"href":"https:\/\/nationalnews24.bj\/index.php\/wp-json\/wp\/v2\/pages"}],"about":[{"href":"https:\/\/nationalnews24.bj\/index.php\/wp-json\/wp\/v2\/types\/page"}],"author":[{"embeddable":true,"href":"https:\/\/nationalnews24.bj\/index.php\/wp-json\/wp\/v2\/users\/1"}],"replies":[{"embeddable":true,"href":"https:\/\/nationalnews24.bj\/index.php\/wp-json\/wp\/v2\/comments?post=1482"}],"version-history":[{"count":4,"href":"https:\/\/nationalnews24.bj\/index.php\/wp-json\/wp\/v2\/pages\/1482\/revisions"}],"predecessor-version":[{"id":1660,"href":"https:\/\/nationalnews24.bj\/index.php\/wp-json\/wp\/v2\/pages\/1482\/revisions\/1660"}],"wp:attachment":[{"href":"https:\/\/nationalnews24.bj\/index.php\/wp-json\/wp\/v2\/media?parent=1482"}],"curies":[{"name":"wp","href":"https:\/\/api.w.org\/{rel}","templated":true}]}}